{"id":983,"date":"2021-12-09T17:04:54","date_gmt":"2021-12-09T14:04:54","guid":{"rendered":"http:\/\/ozgukeskinyilmaz.demositeler.xyz\/?page_id=983"},"modified":"2022-11-29T11:31:10","modified_gmt":"2022-11-29T08:31:10","slug":"laser-vaginal-tightening","status":"publish","type":"page","link":"https:\/\/ozgukeskinyilmaz.com\/en\/laser-vaginal-tightening\/","title":{"rendered":"Laser Vaginal Tightening"},"content":{"rendered":"\n<figure class=\"wp-block-embed is-type-video is-provider-youtube wp-block-embed-youtube wp-embed-aspect-16-9 wp-has-aspect-ratio\"><div class=\"wp-block-embed__wrapper\">\n<iframe title=\"MONAL\u0130SA TOUCH LAZER\" width=\"500\" height=\"281\" src=\"https:\/\/www.youtube.com\/embed\/Z1MYlJzuFP4?feature=oembed\" frameborder=\"0\" allow=\"accelerometer; autoplay; clipboard-write; encrypted-media; gyroscope; picture-in-picture; web-share\" referrerpolicy=\"strict-origin-when-cross-origin\" allowfullscreen><\/iframe>\n<\/div><\/figure>\n\n\n\n<figure class=\"wp-block-embed is-type-video is-provider-youtube wp-block-embed-youtube wp-embed-aspect-4-3 wp-has-aspect-ratio\"><div class=\"wp-block-embed__wrapper\">\n<iframe title=\"LAZERLE TEDAV\u0130\" width=\"500\" height=\"375\" src=\"https:\/\/www.youtube.com\/embed\/Ge2wN5hZni0?feature=oembed\" frameborder=\"0\" allow=\"accelerometer; autoplay; clipboard-write; encrypted-media; gyroscope; picture-in-picture; web-share\" referrerpolicy=\"strict-origin-when-cross-origin\" allowfullscreen><\/iframe>\n<\/div><\/figure>\n\n\n\n<figure class=\"wp-block-embed is-type-video is-provider-youtube wp-block-embed-youtube wp-embed-aspect-16-9 wp-has-aspect-ratio\"><div class=\"wp-block-embed__wrapper\">\n<iframe title=\"LAZER\" width=\"500\" height=\"281\" src=\"https:\/\/www.youtube.com\/embed\/6ifWo_PdtTk?feature=oembed\" frameborder=\"0\" allow=\"accelerometer; autoplay; clipboard-write; encrypted-media; gyroscope; picture-in-picture; web-share\" referrerpolicy=\"strict-origin-when-cross-origin\" allowfullscreen><\/iframe>\n<\/div><\/figure>\n","protected":false},"excerpt":{"rendered":"","protected":false},"author":1,"featured_media":0,"parent":0,"menu_order":0,"comment_status":"closed","ping_status":"closed","template":"","meta":{"_acf_changed":false,"inline_featured_image":false,"footnotes":""},"class_list":["post-983","page","type-page","status-publish","hentry"],"acf":[],"yoast_head":"<!-- This site is optimized with the Yoast SEO plugin v26.1.1 - https:\/\/yoast.com\/wordpress\/plugins\/seo\/ -->\n<title>Laser Vaginal Tightening - Op. Dr. \u00d6zg\u00fc Keskin Y\u0131lmaz<\/title>\n<meta name=\"description\" content=\"Lazerle vajinal s\u0131k\u0131la\u015ft\u0131rma,ameliyats\u0131z vajina s\u0131k\u0131\u015ft\u0131rma i\u015flemi ile iligli detayl\u0131 bilgi almak i\u00e7in sayfam\u0131za g\u00f6z at\u0131n.\" \/>\n<meta name=\"robots\" content=\"index, follow, max-snippet:-1, max-image-preview:large, max-video-preview:-1\" \/>\n<link rel=\"canonical\" href=\"https:\/\/ozgukeskinyilmaz.com\/en\/laser-vaginal-tightening\/\" \/>\n<meta property=\"og:locale\" content=\"en_US\" \/>\n<meta property=\"og:type\" content=\"article\" \/>\n<meta property=\"og:title\" content=\"Laser Vaginal Tightening - Op. Dr. \u00d6zg\u00fc Keskin Y\u0131lmaz\" \/>\n<meta property=\"og:description\" content=\"Lazerle vajinal s\u0131k\u0131la\u015ft\u0131rma,ameliyats\u0131z vajina s\u0131k\u0131\u015ft\u0131rma i\u015flemi ile iligli detayl\u0131 bilgi almak i\u00e7in sayfam\u0131za g\u00f6z at\u0131n.\" \/>\n<meta property=\"og:url\" content=\"https:\/\/ozgukeskinyilmaz.com\/en\/laser-vaginal-tightening\/\" \/>\n<meta property=\"og:site_name\" content=\"Op. Dr. \u00d6zg\u00fc Keskin Y\u0131lmaz\" \/>\n<meta property=\"article:modified_time\" content=\"2022-11-29T08:31:10+00:00\" \/>\n<meta name=\"twitter:card\" content=\"summary_large_image\" \/>\n<meta name=\"twitter:label1\" content=\"Est. reading time\" \/>\n\t<meta name=\"twitter:data1\" content=\"1 minute\" \/>\n<script type=\"application\/ld+json\" class=\"yoast-schema-graph\">{\"@context\":\"https:\/\/schema.org\",\"@graph\":[{\"@type\":\"WebPage\",\"@id\":\"https:\/\/ozgukeskinyilmaz.com\/en\/laser-vaginal-tightening\/\",\"url\":\"https:\/\/ozgukeskinyilmaz.com\/en\/laser-vaginal-tightening\/\",\"name\":\"Laser Vaginal Tightening - Op. Dr. \u00d6zg\u00fc Keskin Y\u0131lmaz\",\"isPartOf\":{\"@id\":\"https:\/\/ozgukeskinyilmaz.com\/en\/#website\"},\"datePublished\":\"2021-12-09T14:04:54+00:00\",\"dateModified\":\"2022-11-29T08:31:10+00:00\",\"description\":\"Lazerle vajinal s\u0131k\u0131la\u015ft\u0131rma,ameliyats\u0131z vajina s\u0131k\u0131\u015ft\u0131rma i\u015flemi ile iligli detayl\u0131 bilgi almak i\u00e7in sayfam\u0131za g\u00f6z at\u0131n.\",\"breadcrumb\":{\"@id\":\"https:\/\/ozgukeskinyilmaz.com\/en\/laser-vaginal-tightening\/#breadcrumb\"},\"inLanguage\":\"en-US\",\"potentialAction\":[{\"@type\":\"ReadAction\",\"target\":[\"https:\/\/ozgukeskinyilmaz.com\/en\/laser-vaginal-tightening\/\"]}]},{\"@type\":\"BreadcrumbList\",\"@id\":\"https:\/\/ozgukeskinyilmaz.com\/en\/laser-vaginal-tightening\/#breadcrumb\",\"itemListElement\":[{\"@type\":\"ListItem\",\"position\":1,\"name\":\"Anasayfa\",\"item\":\"https:\/\/ozgukeskinyilmaz.com\/en\/\"},{\"@type\":\"ListItem\",\"position\":2,\"name\":\"Laser Vaginal Tightening\"}]},{\"@type\":\"WebSite\",\"@id\":\"https:\/\/ozgukeskinyilmaz.com\/en\/#website\",\"url\":\"https:\/\/ozgukeskinyilmaz.com\/en\/\",\"name\":\"Op. Dr. \u00d6zg\u00fc Keskin Y\u0131lmaz\",\"description\":\"Kad\u0131n Do\u011fum ve Genital Estetik\",\"potentialAction\":[{\"@type\":\"SearchAction\",\"target\":{\"@type\":\"EntryPoint\",\"urlTemplate\":\"https:\/\/ozgukeskinyilmaz.com\/en\/?s={search_term_string}\"},\"query-input\":{\"@type\":\"PropertyValueSpecification\",\"valueRequired\":true,\"valueName\":\"search_term_string\"}}],\"inLanguage\":\"en-US\"}]}<\/script>\n<!-- \/ Yoast SEO plugin. -->","yoast_head_json":{"title":"Laser Vaginal Tightening - Op. Dr. \u00d6zg\u00fc Keskin Y\u0131lmaz","description":"Lazerle vajinal s\u0131k\u0131la\u015ft\u0131rma,ameliyats\u0131z vajina s\u0131k\u0131\u015ft\u0131rma i\u015flemi ile iligli detayl\u0131 bilgi almak i\u00e7in sayfam\u0131za g\u00f6z at\u0131n.","robots":{"index":"index","follow":"follow","max-snippet":"max-snippet:-1","max-image-preview":"max-image-preview:large","max-video-preview":"max-video-preview:-1"},"canonical":"https:\/\/ozgukeskinyilmaz.com\/en\/laser-vaginal-tightening\/","og_locale":"en_US","og_type":"article","og_title":"Laser Vaginal Tightening - Op. Dr. \u00d6zg\u00fc Keskin Y\u0131lmaz","og_description":"Lazerle vajinal s\u0131k\u0131la\u015ft\u0131rma,ameliyats\u0131z vajina s\u0131k\u0131\u015ft\u0131rma i\u015flemi ile iligli detayl\u0131 bilgi almak i\u00e7in sayfam\u0131za g\u00f6z at\u0131n.","og_url":"https:\/\/ozgukeskinyilmaz.com\/en\/laser-vaginal-tightening\/","og_site_name":"Op. Dr. \u00d6zg\u00fc Keskin Y\u0131lmaz","article_modified_time":"2022-11-29T08:31:10+00:00","twitter_card":"summary_large_image","twitter_misc":{"Est. reading time":"1 minute"},"schema":{"@context":"https:\/\/schema.org","@graph":[{"@type":"WebPage","@id":"https:\/\/ozgukeskinyilmaz.com\/en\/laser-vaginal-tightening\/","url":"https:\/\/ozgukeskinyilmaz.com\/en\/laser-vaginal-tightening\/","name":"Laser Vaginal Tightening - Op. Dr. \u00d6zg\u00fc Keskin Y\u0131lmaz","isPartOf":{"@id":"https:\/\/ozgukeskinyilmaz.com\/en\/#website"},"datePublished":"2021-12-09T14:04:54+00:00","dateModified":"2022-11-29T08:31:10+00:00","description":"Lazerle vajinal s\u0131k\u0131la\u015ft\u0131rma,ameliyats\u0131z vajina s\u0131k\u0131\u015ft\u0131rma i\u015flemi ile iligli detayl\u0131 bilgi almak i\u00e7in sayfam\u0131za g\u00f6z at\u0131n.","breadcrumb":{"@id":"https:\/\/ozgukeskinyilmaz.com\/en\/laser-vaginal-tightening\/#breadcrumb"},"inLanguage":"en-US","potentialAction":[{"@type":"ReadAction","target":["https:\/\/ozgukeskinyilmaz.com\/en\/laser-vaginal-tightening\/"]}]},{"@type":"BreadcrumbList","@id":"https:\/\/ozgukeskinyilmaz.com\/en\/laser-vaginal-tightening\/#breadcrumb","itemListElement":[{"@type":"ListItem","position":1,"name":"Anasayfa","item":"https:\/\/ozgukeskinyilmaz.com\/en\/"},{"@type":"ListItem","position":2,"name":"Laser Vaginal Tightening"}]},{"@type":"WebSite","@id":"https:\/\/ozgukeskinyilmaz.com\/en\/#website","url":"https:\/\/ozgukeskinyilmaz.com\/en\/","name":"Op. Dr. \u00d6zg\u00fc Keskin Y\u0131lmaz","description":"Kad\u0131n Do\u011fum ve Genital Estetik","potentialAction":[{"@type":"SearchAction","target":{"@type":"EntryPoint","urlTemplate":"https:\/\/ozgukeskinyilmaz.com\/en\/?s={search_term_string}"},"query-input":{"@type":"PropertyValueSpecification","valueRequired":true,"valueName":"search_term_string"}}],"inLanguage":"en-US"}]}},"_links":{"self":[{"href":"https:\/\/ozgukeskinyilmaz.com\/en\/wp-json\/wp\/v2\/pages\/983","targetHints":{"allow":["GET"]}}],"collection":[{"href":"https:\/\/ozgukeskinyilmaz.com\/en\/wp-json\/wp\/v2\/pages"}],"about":[{"href":"https:\/\/ozgukeskinyilmaz.com\/en\/wp-json\/wp\/v2\/types\/page"}],"author":[{"embeddable":true,"href":"https:\/\/ozgukeskinyilmaz.com\/en\/wp-json\/wp\/v2\/users\/1"}],"replies":[{"embeddable":true,"href":"https:\/\/ozgukeskinyilmaz.com\/en\/wp-json\/wp\/v2\/comments?post=983"}],"version-history":[{"count":0,"href":"https:\/\/ozgukeskinyilmaz.com\/en\/wp-json\/wp\/v2\/pages\/983\/revisions"}],"wp:attachment":[{"href":"https:\/\/ozgukeskinyilmaz.com\/en\/wp-json\/wp\/v2\/media?parent=983"}],"curies":[{"name":"wp","href":"https:\/\/api.w.org\/{rel}","templated":true}]}}