{"id":947,"date":"2021-12-07T13:32:04","date_gmt":"2021-12-07T10:32:04","guid":{"rendered":"http:\/\/ozgukeskinyilmaz.demositeler.xyz\/?page_id=947"},"modified":"2022-11-29T10:46:42","modified_gmt":"2022-11-29T07:46:42","slug":"genital-aesthetics","status":"publish","type":"page","link":"https:\/\/ozgukeskinyilmaz.com\/en\/genital-aesthetics\/","title":{"rendered":"Genital Aesthetics"},"content":{"rendered":"\n<p><strong>Genital Aesthetics Applicat\u0131ons<\/strong><\/p>\n\n\n\n<p>It is seen that the demands for aesthetic operations increase with the change of aesthetic perception in both women and men. Especially in women, the rate of application to clinics has increased recently and genital aesthetics is one of the most popular operations. Aesthetic operations performed on external genital organs in women are called genital aesthetics.<\/p>\n\n\n\n<p><strong>What is Genital Aesthetics?<\/strong><\/p>\n\n\n\n<p>The external genitalia in women are mons pubis, inner and outer lips, clitoris, vestibular gland, urethral opening, and vaginal entrance. Due to the aesthetic deteriorations in these external structures, patients ask &#8220;What is genital aesthetics?&#8221; They can search for solutions to their problems by doing research. Mersin, which has recently given a high success and rapid recovery rate in operations with the opportunities provided by technology, also provides services with specialist doctors in genital aesthetics.<\/p>\n\n\n\n<p><strong>In Which Situations Is Genital Aesthetics Performed?<\/strong><\/p>\n\n\n\n<p>Reasons such as sagging that occur with age, discoloration, congenital defects, vaginal enlargement after giving birth can be counted among the reasons for preferring genital aesthetic procedures. In women, genital disorders can cause loss of sensation for herself and her partner during sexual intercourse, pain and pain as a result of friction due to enlargement and sagging of the lips. Genital aesthetics can be performed for every individual who has reached reproductive maturity and needs these operations.<\/p>\n\n\n\n<p><strong>What Does Genital Aesthetics Cover?<\/strong><\/p>\n\n\n\n<p>The scope of genital aesthetic operations is wide. Correction of sagging and excess tissue in the inner and outer lips (labiaplasty), hymen repair, narrowing of the vaginal opening (vaginoplasty), removal of the folds on the clitoris, repair of the birth defect in the perineum region, and genital bleaching are among these operations.<\/p>\n\n\n\n<p><strong>Mersin Labiaplasty<\/strong><\/p>\n\n\n\n<p>The patient&#8217;s expectations after the examination should be evaluated for the most successful result in the procedure, which provides an aesthetic appearance by shortening the inner lips of the vulva, called labiaplasty. Although genital aesthetic procedures are operations that promise practical and successful results thanks to advanced medical applications, the right doctor and clinic are very important in terms of getting the results expected by the patients. Genital aesthetics includes applications that patients can reach in the services provided by expert gynecologists experienced in their work in Mersin.<\/p>\n\n\n\n<p><strong>Mersin Vaginoplasty<\/strong><\/p>\n\n\n\n<p>The vagina is a very flexible organ and generally enlarges with weakening of the muscles due to birth, aging, and menopause. Vaginoplasty is the procedure that is performed in cases where the vaniginal opening is increased and to bring this opening to the desired stenosis. Since Mersin is a city that provides services with its specialist physicians in terms of vaginoplasty, it is possible to find the best physician options for patients.<\/p>\n\n\n\n<p><strong>Mersin Barbie Vagina Aesthetics<\/strong><\/p>\n\n\n\n<p>Several procedures are applied in Barbie vagina aesthetics, which has been frequently preferred recently. The goals are to minimize sagging of the inner lips, to reduce the vaginal opening, to remove the folds on the clitoris. It is an operation that increases both an aesthetic appearance and the pleasure of sexual intercourse. Mersin, which has many gynecology clinic options, can be a suitable choice for labiaplasty and Barbie vagina aesthetics.<\/p>\n","protected":false},"excerpt":{"rendered":"<p>Genital Aesthetics Applicat\u0131ons It is seen that the demands for aesthetic operations increase with the change of aesthetic perception in both women and men. Especially in women, the rate of application to clinics has increased recently and genital aesthetics is one of the most popular operations. Aesthetic operations performed on external genital organs in women [&hellip;]<\/p>\n","protected":false},"author":1,"featured_media":1195,"parent":0,"menu_order":0,"comment_status":"closed","ping_status":"closed","template":"","meta":{"_acf_changed":false,"inline_featured_image":false,"footnotes":""},"class_list":["post-947","page","type-page","status-publish","has-post-thumbnail","hentry"],"acf":[],"yoast_head":"<!-- This site is optimized with the Yoast SEO plugin v26.1.1 - https:\/\/yoast.com\/wordpress\/plugins\/seo\/ -->\n<title>Genital Aesthetics - Op. Dr. \u00d6zg\u00fc Keskin Y\u0131lmaz<\/title>\n<meta name=\"description\" content=\"Mersin genital estetik;barbie vajina esteti\u011fi,labioplasti,vajinoplasti gibi operasyonlar\u0131 kaps\u0131yor.Detayl\u0131 bilgi ve randevu almak i\u00e7in t\u0131klay\u0131n.\" \/>\n<meta name=\"robots\" content=\"index, follow, max-snippet:-1, max-image-preview:large, max-video-preview:-1\" \/>\n<link rel=\"canonical\" href=\"https:\/\/ozgukeskinyilmaz.com\/en\/genital-aesthetics\/\" \/>\n<meta property=\"og:locale\" content=\"en_US\" \/>\n<meta property=\"og:type\" content=\"article\" \/>\n<meta property=\"og:title\" content=\"Genital Aesthetics - Op. Dr. \u00d6zg\u00fc Keskin Y\u0131lmaz\" \/>\n<meta property=\"og:description\" content=\"Mersin genital estetik;barbie vajina esteti\u011fi,labioplasti,vajinoplasti gibi operasyonlar\u0131 kaps\u0131yor.Detayl\u0131 bilgi ve randevu almak i\u00e7in t\u0131klay\u0131n.\" \/>\n<meta property=\"og:url\" content=\"https:\/\/ozgukeskinyilmaz.com\/en\/genital-aesthetics\/\" \/>\n<meta property=\"og:site_name\" content=\"Op. Dr. \u00d6zg\u00fc Keskin Y\u0131lmaz\" \/>\n<meta property=\"article:modified_time\" content=\"2022-11-29T07:46:42+00:00\" \/>\n<meta property=\"og:image\" content=\"https:\/\/ozgukeskinyilmaz.com\/en\/wp-content\/uploads\/2022\/09\/genital-estetik.jpg\" \/>\n\t<meta property=\"og:image:width\" content=\"900\" \/>\n\t<meta property=\"og:image:height\" content=\"400\" \/>\n\t<meta property=\"og:image:type\" content=\"image\/jpeg\" \/>\n<meta name=\"twitter:card\" content=\"summary_large_image\" \/>\n<meta name=\"twitter:label1\" content=\"Est. reading time\" \/>\n\t<meta name=\"twitter:data1\" content=\"4 minutes\" \/>\n<script type=\"application\/ld+json\" class=\"yoast-schema-graph\">{\"@context\":\"https:\/\/schema.org\",\"@graph\":[{\"@type\":\"WebPage\",\"@id\":\"https:\/\/ozgukeskinyilmaz.com\/en\/genital-aesthetics\/\",\"url\":\"https:\/\/ozgukeskinyilmaz.com\/en\/genital-aesthetics\/\",\"name\":\"Genital Aesthetics - Op. Dr. \u00d6zg\u00fc Keskin Y\u0131lmaz\",\"isPartOf\":{\"@id\":\"https:\/\/ozgukeskinyilmaz.com\/en\/#website\"},\"primaryImageOfPage\":{\"@id\":\"https:\/\/ozgukeskinyilmaz.com\/en\/genital-aesthetics\/#primaryimage\"},\"image\":{\"@id\":\"https:\/\/ozgukeskinyilmaz.com\/en\/genital-aesthetics\/#primaryimage\"},\"thumbnailUrl\":\"https:\/\/ozgukeskinyilmaz.com\/en\/wp-content\/uploads\/2022\/09\/genital-estetik.jpg\",\"datePublished\":\"2021-12-07T10:32:04+00:00\",\"dateModified\":\"2022-11-29T07:46:42+00:00\",\"description\":\"Mersin genital estetik;barbie vajina esteti\u011fi,labioplasti,vajinoplasti gibi operasyonlar\u0131 kaps\u0131yor.Detayl\u0131 bilgi ve randevu almak i\u00e7in t\u0131klay\u0131n.\",\"breadcrumb\":{\"@id\":\"https:\/\/ozgukeskinyilmaz.com\/en\/genital-aesthetics\/#breadcrumb\"},\"inLanguage\":\"en-US\",\"potentialAction\":[{\"@type\":\"ReadAction\",\"target\":[\"https:\/\/ozgukeskinyilmaz.com\/en\/genital-aesthetics\/\"]}]},{\"@type\":\"ImageObject\",\"inLanguage\":\"en-US\",\"@id\":\"https:\/\/ozgukeskinyilmaz.com\/en\/genital-aesthetics\/#primaryimage\",\"url\":\"https:\/\/ozgukeskinyilmaz.com\/en\/wp-content\/uploads\/2022\/09\/genital-estetik.jpg\",\"contentUrl\":\"https:\/\/ozgukeskinyilmaz.com\/en\/wp-content\/uploads\/2022\/09\/genital-estetik.jpg\",\"width\":900,\"height\":400,\"caption\":\"mersin genital estetik\"},{\"@type\":\"BreadcrumbList\",\"@id\":\"https:\/\/ozgukeskinyilmaz.com\/en\/genital-aesthetics\/#breadcrumb\",\"itemListElement\":[{\"@type\":\"ListItem\",\"position\":1,\"name\":\"Anasayfa\",\"item\":\"https:\/\/ozgukeskinyilmaz.com\/en\/\"},{\"@type\":\"ListItem\",\"position\":2,\"name\":\"Genital Aesthetics\"}]},{\"@type\":\"WebSite\",\"@id\":\"https:\/\/ozgukeskinyilmaz.com\/en\/#website\",\"url\":\"https:\/\/ozgukeskinyilmaz.com\/en\/\",\"name\":\"Op. Dr. \u00d6zg\u00fc Keskin Y\u0131lmaz\",\"description\":\"Kad\u0131n Do\u011fum ve Genital Estetik\",\"potentialAction\":[{\"@type\":\"SearchAction\",\"target\":{\"@type\":\"EntryPoint\",\"urlTemplate\":\"https:\/\/ozgukeskinyilmaz.com\/en\/?s={search_term_string}\"},\"query-input\":{\"@type\":\"PropertyValueSpecification\",\"valueRequired\":true,\"valueName\":\"search_term_string\"}}],\"inLanguage\":\"en-US\"}]}<\/script>\n<!-- \/ Yoast SEO plugin. -->","yoast_head_json":{"title":"Genital Aesthetics - Op. Dr. \u00d6zg\u00fc Keskin Y\u0131lmaz","description":"Mersin genital estetik;barbie vajina esteti\u011fi,labioplasti,vajinoplasti gibi operasyonlar\u0131 kaps\u0131yor.Detayl\u0131 bilgi ve randevu almak i\u00e7in t\u0131klay\u0131n.","robots":{"index":"index","follow":"follow","max-snippet":"max-snippet:-1","max-image-preview":"max-image-preview:large","max-video-preview":"max-video-preview:-1"},"canonical":"https:\/\/ozgukeskinyilmaz.com\/en\/genital-aesthetics\/","og_locale":"en_US","og_type":"article","og_title":"Genital Aesthetics - Op. Dr. \u00d6zg\u00fc Keskin Y\u0131lmaz","og_description":"Mersin genital estetik;barbie vajina esteti\u011fi,labioplasti,vajinoplasti gibi operasyonlar\u0131 kaps\u0131yor.Detayl\u0131 bilgi ve randevu almak i\u00e7in t\u0131klay\u0131n.","og_url":"https:\/\/ozgukeskinyilmaz.com\/en\/genital-aesthetics\/","og_site_name":"Op. Dr. \u00d6zg\u00fc Keskin Y\u0131lmaz","article_modified_time":"2022-11-29T07:46:42+00:00","og_image":[{"width":900,"height":400,"url":"https:\/\/ozgukeskinyilmaz.com\/en\/wp-content\/uploads\/2022\/09\/genital-estetik.jpg","type":"image\/jpeg"}],"twitter_card":"summary_large_image","twitter_misc":{"Est. reading time":"4 minutes"},"schema":{"@context":"https:\/\/schema.org","@graph":[{"@type":"WebPage","@id":"https:\/\/ozgukeskinyilmaz.com\/en\/genital-aesthetics\/","url":"https:\/\/ozgukeskinyilmaz.com\/en\/genital-aesthetics\/","name":"Genital Aesthetics - Op. Dr. \u00d6zg\u00fc Keskin Y\u0131lmaz","isPartOf":{"@id":"https:\/\/ozgukeskinyilmaz.com\/en\/#website"},"primaryImageOfPage":{"@id":"https:\/\/ozgukeskinyilmaz.com\/en\/genital-aesthetics\/#primaryimage"},"image":{"@id":"https:\/\/ozgukeskinyilmaz.com\/en\/genital-aesthetics\/#primaryimage"},"thumbnailUrl":"https:\/\/ozgukeskinyilmaz.com\/en\/wp-content\/uploads\/2022\/09\/genital-estetik.jpg","datePublished":"2021-12-07T10:32:04+00:00","dateModified":"2022-11-29T07:46:42+00:00","description":"Mersin genital estetik;barbie vajina esteti\u011fi,labioplasti,vajinoplasti gibi operasyonlar\u0131 kaps\u0131yor.Detayl\u0131 bilgi ve randevu almak i\u00e7in t\u0131klay\u0131n.","breadcrumb":{"@id":"https:\/\/ozgukeskinyilmaz.com\/en\/genital-aesthetics\/#breadcrumb"},"inLanguage":"en-US","potentialAction":[{"@type":"ReadAction","target":["https:\/\/ozgukeskinyilmaz.com\/en\/genital-aesthetics\/"]}]},{"@type":"ImageObject","inLanguage":"en-US","@id":"https:\/\/ozgukeskinyilmaz.com\/en\/genital-aesthetics\/#primaryimage","url":"https:\/\/ozgukeskinyilmaz.com\/en\/wp-content\/uploads\/2022\/09\/genital-estetik.jpg","contentUrl":"https:\/\/ozgukeskinyilmaz.com\/en\/wp-content\/uploads\/2022\/09\/genital-estetik.jpg","width":900,"height":400,"caption":"mersin genital estetik"},{"@type":"BreadcrumbList","@id":"https:\/\/ozgukeskinyilmaz.com\/en\/genital-aesthetics\/#breadcrumb","itemListElement":[{"@type":"ListItem","position":1,"name":"Anasayfa","item":"https:\/\/ozgukeskinyilmaz.com\/en\/"},{"@type":"ListItem","position":2,"name":"Genital Aesthetics"}]},{"@type":"WebSite","@id":"https:\/\/ozgukeskinyilmaz.com\/en\/#website","url":"https:\/\/ozgukeskinyilmaz.com\/en\/","name":"Op. Dr. \u00d6zg\u00fc Keskin Y\u0131lmaz","description":"Kad\u0131n Do\u011fum ve Genital Estetik","potentialAction":[{"@type":"SearchAction","target":{"@type":"EntryPoint","urlTemplate":"https:\/\/ozgukeskinyilmaz.com\/en\/?s={search_term_string}"},"query-input":{"@type":"PropertyValueSpecification","valueRequired":true,"valueName":"search_term_string"}}],"inLanguage":"en-US"}]}},"_links":{"self":[{"href":"https:\/\/ozgukeskinyilmaz.com\/en\/wp-json\/wp\/v2\/pages\/947","targetHints":{"allow":["GET"]}}],"collection":[{"href":"https:\/\/ozgukeskinyilmaz.com\/en\/wp-json\/wp\/v2\/pages"}],"about":[{"href":"https:\/\/ozgukeskinyilmaz.com\/en\/wp-json\/wp\/v2\/types\/page"}],"author":[{"embeddable":true,"href":"https:\/\/ozgukeskinyilmaz.com\/en\/wp-json\/wp\/v2\/users\/1"}],"replies":[{"embeddable":true,"href":"https:\/\/ozgukeskinyilmaz.com\/en\/wp-json\/wp\/v2\/comments?post=947"}],"version-history":[{"count":0,"href":"https:\/\/ozgukeskinyilmaz.com\/en\/wp-json\/wp\/v2\/pages\/947\/revisions"}],"wp:featuredmedia":[{"embeddable":true,"href":"https:\/\/ozgukeskinyilmaz.com\/en\/wp-json\/wp\/v2\/media\/1195"}],"wp:attachment":[{"href":"https:\/\/ozgukeskinyilmaz.com\/en\/wp-json\/wp\/v2\/media?parent=947"}],"curies":[{"name":"wp","href":"https:\/\/api.w.org\/{rel}","templated":true}]}}