{"id":82,"date":"2017-10-05T20:46:42","date_gmt":"2017-10-05T20:46:42","guid":{"rendered":"http:\/\/www.kadindogumestetik.com\/?page_id=82"},"modified":"2022-11-29T12:12:34","modified_gmt":"2022-11-29T09:12:34","slug":"vaginismus-treatment","status":"publish","type":"page","link":"https:\/\/ozgukeskinyilmaz.com\/en\/vaginismus-treatment\/","title":{"rendered":"Vaginismus Treatment"},"content":{"rendered":"\n<p><strong>What is Vaginismus?<\/strong><\/p>\n\n\n\n<p>The vagina is the organ where sexual intercourse takes place in women. This organ is during sexual intercourse and childbirth.<\/p>\n\n\n\n<p>It has the ability to expand and extend.<\/p>\n\n\n\n<p>The answer to the question of what is vaginismus can be defined as the situation in which there are involuntary contractions in the vaginal canal that make sexual intercourse difficult or impossible.<\/p>\n\n\n\n<p>It is one of the most common female psychosexual problems.<\/p>\n\n\n\n<p>Vaginismus patients involuntarily contract all their pelvic muscles, especially the pubococcygeus muscle, and even all the body muscles during sexual intercourse. Muscle pain due to excessive contractions can be seen. Women who are distressed by this situation experience mental pain as well as physical pain during sexual intercourse. This situation causes tension and unhappiness between spouses. Although the most common causes of vaginismus are psychological, organic or physical causes make up 10%.<\/p>\n\n\n\n<p>Organic causes;<\/p>\n\n\n\n<ul class=\"wp-block-list\"><li>The hymen is thick and fleshy,<\/li><li>Short and blunt vagina<\/li><li>Having a curtain on the vaginal wall,<\/li><li>pelvic infections,<\/li><li>Bartholin gland abscess,<\/li><li>Vaginal infections and fungi<\/li><\/ul>\n\n\n\n<p>It is extremely important for these patients to undergo a gynecological examination and to detect and treat the organic problem.<\/p>\n\n\n\n<p><strong>Psychological reasons:<\/strong><\/p>\n\n\n\n<p>Vaginismus is a body defense condition that aims to protect the woman herself. The problem is subconscious.<\/p>\n\n\n\n<p>is lying. Past bad sexual experiences, overly strict morals, guilt, shame, sin<\/p>\n\n\n\n<p>concepts such as the first sexual experience, false information about the first sexual experience, the hymen is a very valuable organ.<\/p>\n\n\n\n<p>Religious and moral reasons are included in this group.<\/p>\n\n\n\n<p>In some cases, vaginismus can be acquired later (Secondary vaginismus).<\/p>\n\n\n\n<p><strong>The most common causes:<\/strong><\/p>\n\n\n\n<p>Harsh, rude gynecological examinations and procedures, false information about sexual intercourse, lack of information and false beliefs can cause fear and create vaginismus.<\/p>\n\n\n\n<p><strong>Treatment:<\/strong><\/p>\n\n\n\n<p>The patient is examined gynecologically. If there are organic causes, they can be eliminated with surgery and drug treatments.<\/p>\n\n\n\n<p>is removed. Treatment methods are personal and applied according to the severity of vaginismus.<\/p>\n\n\n\n<p><strong>Cognitive Therapy;<\/strong><\/p>\n\n\n\n<p>Patients are informed. Correction of exaggerated and wrong information, correct sexuality<\/p>\n\n\n\n<p>notification is made.<\/p>\n\n\n\n<p><strong>Behavioral sexual therapy (vaginismus exercises);<\/strong><\/p>\n\n\n\n<p>It should be in the form of recognizing the pelvic floor muscles and teaching them to manage them.<\/p>\n","protected":false},"excerpt":{"rendered":"<p>What is Vaginismus? The vagina is the organ where sexual intercourse takes place in women. This organ is during sexual intercourse and childbirth. It has the ability to expand and extend. The answer to the question of what is vaginismus can be defined as the situation in which there are involuntary contractions in the vaginal [&hellip;]<\/p>\n","protected":false},"author":1,"featured_media":0,"parent":0,"menu_order":0,"comment_status":"closed","ping_status":"closed","template":"","meta":{"_acf_changed":false,"inline_featured_image":false,"footnotes":""},"class_list":["post-82","page","type-page","status-publish","hentry"],"acf":[],"yoast_head":"<!-- This site is optimized with the Yoast SEO plugin v26.1.1 - https:\/\/yoast.com\/wordpress\/plugins\/seo\/ -->\n<title>Mersin Vaginismus Treatment - Op. Dr. \u00d6zg\u00fc Keskin Y\u0131lmaz<\/title>\n<meta name=\"description\" content=\"Vajinismus nedir,vajinismus belirtileri ve tedavileri nelerdir? Detayl\u0131 video anlat\u0131m i\u00e7in sayfam\u0131za g\u00f6z at\u0131n.\" \/>\n<meta name=\"robots\" content=\"index, follow, max-snippet:-1, max-image-preview:large, max-video-preview:-1\" \/>\n<link rel=\"canonical\" href=\"https:\/\/ozgukeskinyilmaz.com\/en\/vaginismus-treatment\/\" \/>\n<meta property=\"og:locale\" content=\"en_US\" \/>\n<meta property=\"og:type\" content=\"article\" \/>\n<meta property=\"og:title\" content=\"Mersin Vaginismus Treatment - Op. Dr. \u00d6zg\u00fc Keskin Y\u0131lmaz\" \/>\n<meta property=\"og:description\" content=\"Vajinismus nedir,vajinismus belirtileri ve tedavileri nelerdir? Detayl\u0131 video anlat\u0131m i\u00e7in sayfam\u0131za g\u00f6z at\u0131n.\" \/>\n<meta property=\"og:url\" content=\"https:\/\/ozgukeskinyilmaz.com\/en\/vaginismus-treatment\/\" \/>\n<meta property=\"og:site_name\" content=\"Op. Dr. \u00d6zg\u00fc Keskin Y\u0131lmaz\" \/>\n<meta property=\"article:modified_time\" content=\"2022-11-29T09:12:34+00:00\" \/>\n<meta name=\"twitter:card\" content=\"summary_large_image\" \/>\n<meta name=\"twitter:label1\" content=\"Est. reading time\" \/>\n\t<meta name=\"twitter:data1\" content=\"3 minutes\" \/>\n<script type=\"application\/ld+json\" class=\"yoast-schema-graph\">{\"@context\":\"https:\/\/schema.org\",\"@graph\":[{\"@type\":\"WebPage\",\"@id\":\"https:\/\/ozgukeskinyilmaz.com\/en\/vaginismus-treatment\/\",\"url\":\"https:\/\/ozgukeskinyilmaz.com\/en\/vaginismus-treatment\/\",\"name\":\"Mersin Vaginismus Treatment - Op. Dr. \u00d6zg\u00fc Keskin Y\u0131lmaz\",\"isPartOf\":{\"@id\":\"https:\/\/ozgukeskinyilmaz.com\/en\/#website\"},\"datePublished\":\"2017-10-05T20:46:42+00:00\",\"dateModified\":\"2022-11-29T09:12:34+00:00\",\"description\":\"Vajinismus nedir,vajinismus belirtileri ve tedavileri nelerdir? Detayl\u0131 video anlat\u0131m i\u00e7in sayfam\u0131za g\u00f6z at\u0131n.\",\"breadcrumb\":{\"@id\":\"https:\/\/ozgukeskinyilmaz.com\/en\/vaginismus-treatment\/#breadcrumb\"},\"inLanguage\":\"en-US\",\"potentialAction\":[{\"@type\":\"ReadAction\",\"target\":[\"https:\/\/ozgukeskinyilmaz.com\/en\/vaginismus-treatment\/\"]}]},{\"@type\":\"BreadcrumbList\",\"@id\":\"https:\/\/ozgukeskinyilmaz.com\/en\/vaginismus-treatment\/#breadcrumb\",\"itemListElement\":[{\"@type\":\"ListItem\",\"position\":1,\"name\":\"Anasayfa\",\"item\":\"https:\/\/ozgukeskinyilmaz.com\/en\/\"},{\"@type\":\"ListItem\",\"position\":2,\"name\":\"Vaginismus Treatment\"}]},{\"@type\":\"WebSite\",\"@id\":\"https:\/\/ozgukeskinyilmaz.com\/en\/#website\",\"url\":\"https:\/\/ozgukeskinyilmaz.com\/en\/\",\"name\":\"Op. Dr. \u00d6zg\u00fc Keskin Y\u0131lmaz\",\"description\":\"Kad\u0131n Do\u011fum ve Genital Estetik\",\"potentialAction\":[{\"@type\":\"SearchAction\",\"target\":{\"@type\":\"EntryPoint\",\"urlTemplate\":\"https:\/\/ozgukeskinyilmaz.com\/en\/?s={search_term_string}\"},\"query-input\":{\"@type\":\"PropertyValueSpecification\",\"valueRequired\":true,\"valueName\":\"search_term_string\"}}],\"inLanguage\":\"en-US\"}]}<\/script>\n<!-- \/ Yoast SEO plugin. -->","yoast_head_json":{"title":"Mersin Vaginismus Treatment - Op. Dr. \u00d6zg\u00fc Keskin Y\u0131lmaz","description":"Vajinismus nedir,vajinismus belirtileri ve tedavileri nelerdir? Detayl\u0131 video anlat\u0131m i\u00e7in sayfam\u0131za g\u00f6z at\u0131n.","robots":{"index":"index","follow":"follow","max-snippet":"max-snippet:-1","max-image-preview":"max-image-preview:large","max-video-preview":"max-video-preview:-1"},"canonical":"https:\/\/ozgukeskinyilmaz.com\/en\/vaginismus-treatment\/","og_locale":"en_US","og_type":"article","og_title":"Mersin Vaginismus Treatment - Op. Dr. \u00d6zg\u00fc Keskin Y\u0131lmaz","og_description":"Vajinismus nedir,vajinismus belirtileri ve tedavileri nelerdir? Detayl\u0131 video anlat\u0131m i\u00e7in sayfam\u0131za g\u00f6z at\u0131n.","og_url":"https:\/\/ozgukeskinyilmaz.com\/en\/vaginismus-treatment\/","og_site_name":"Op. Dr. \u00d6zg\u00fc Keskin Y\u0131lmaz","article_modified_time":"2022-11-29T09:12:34+00:00","twitter_card":"summary_large_image","twitter_misc":{"Est. reading time":"3 minutes"},"schema":{"@context":"https:\/\/schema.org","@graph":[{"@type":"WebPage","@id":"https:\/\/ozgukeskinyilmaz.com\/en\/vaginismus-treatment\/","url":"https:\/\/ozgukeskinyilmaz.com\/en\/vaginismus-treatment\/","name":"Mersin Vaginismus Treatment - Op. Dr. \u00d6zg\u00fc Keskin Y\u0131lmaz","isPartOf":{"@id":"https:\/\/ozgukeskinyilmaz.com\/en\/#website"},"datePublished":"2017-10-05T20:46:42+00:00","dateModified":"2022-11-29T09:12:34+00:00","description":"Vajinismus nedir,vajinismus belirtileri ve tedavileri nelerdir? Detayl\u0131 video anlat\u0131m i\u00e7in sayfam\u0131za g\u00f6z at\u0131n.","breadcrumb":{"@id":"https:\/\/ozgukeskinyilmaz.com\/en\/vaginismus-treatment\/#breadcrumb"},"inLanguage":"en-US","potentialAction":[{"@type":"ReadAction","target":["https:\/\/ozgukeskinyilmaz.com\/en\/vaginismus-treatment\/"]}]},{"@type":"BreadcrumbList","@id":"https:\/\/ozgukeskinyilmaz.com\/en\/vaginismus-treatment\/#breadcrumb","itemListElement":[{"@type":"ListItem","position":1,"name":"Anasayfa","item":"https:\/\/ozgukeskinyilmaz.com\/en\/"},{"@type":"ListItem","position":2,"name":"Vaginismus Treatment"}]},{"@type":"WebSite","@id":"https:\/\/ozgukeskinyilmaz.com\/en\/#website","url":"https:\/\/ozgukeskinyilmaz.com\/en\/","name":"Op. Dr. \u00d6zg\u00fc Keskin Y\u0131lmaz","description":"Kad\u0131n Do\u011fum ve Genital Estetik","potentialAction":[{"@type":"SearchAction","target":{"@type":"EntryPoint","urlTemplate":"https:\/\/ozgukeskinyilmaz.com\/en\/?s={search_term_string}"},"query-input":{"@type":"PropertyValueSpecification","valueRequired":true,"valueName":"search_term_string"}}],"inLanguage":"en-US"}]}},"_links":{"self":[{"href":"https:\/\/ozgukeskinyilmaz.com\/en\/wp-json\/wp\/v2\/pages\/82","targetHints":{"allow":["GET"]}}],"collection":[{"href":"https:\/\/ozgukeskinyilmaz.com\/en\/wp-json\/wp\/v2\/pages"}],"about":[{"href":"https:\/\/ozgukeskinyilmaz.com\/en\/wp-json\/wp\/v2\/types\/page"}],"author":[{"embeddable":true,"href":"https:\/\/ozgukeskinyilmaz.com\/en\/wp-json\/wp\/v2\/users\/1"}],"replies":[{"embeddable":true,"href":"https:\/\/ozgukeskinyilmaz.com\/en\/wp-json\/wp\/v2\/comments?post=82"}],"version-history":[{"count":0,"href":"https:\/\/ozgukeskinyilmaz.com\/en\/wp-json\/wp\/v2\/pages\/82\/revisions"}],"wp:attachment":[{"href":"https:\/\/ozgukeskinyilmaz.com\/en\/wp-json\/wp\/v2\/media?parent=82"}],"curies":[{"name":"wp","href":"https:\/\/api.w.org\/{rel}","templated":true}]}}