{"id":80,"date":"2017-10-05T20:18:53","date_gmt":"2017-10-05T20:18:53","guid":{"rendered":"http:\/\/www.kadindogumestetik.com\/?page_id=80"},"modified":"2022-11-29T12:53:38","modified_gmt":"2022-11-29T09:53:38","slug":"tube-ligation-surgery","status":"publish","type":"page","link":"https:\/\/ozgukeskinyilmaz.com\/en\/tube-ligation-surgery\/","title":{"rendered":"Tube Ligation Surgery"},"content":{"rendered":"\n<p><strong>Tube Ligation Surgery<\/strong><\/p>\n\n\n\n<p>In order for a woman to become pregnant, the egg in the woman must meet the sperm from the man in the fallopian tubes and fertilization must take place. Tubal ligation, also called tubal ligation, tubal sterilization (sterilization), is a surgical procedure and a birth control method performed to prevent the union of sperm and egg.<\/p>\n\n\n\n<p>In general, Mersin tube ligation surgery is classified as a permanent birth method. For this reason, it is not always possible to return the situation to normal by opening the tubes when the desire to give birth to a child occurs. This should be taken into account before tube ligation is performed.<\/p>\n\n\n\n<p><strong>How is Tubal Ligation Performed in Women?<\/strong><\/p>\n\n\n\n<p>Various different methods can be used in tubal ligation. Considering the way they are done, it can be classified in two basic ways as laparoscopic and open surgery.<\/p>\n\n\n\n<p>Tubal ligation surgery can be performed with a laparoscopic procedure, by entering through small holes in the abdomen and umbilicus, with a camera and necessary tools. The operation takes about 15-20 minutes. Because there is no incision with this method, recovery is usually easier, pain is less, and hospitalization is not required in most cases.<\/p>\n\n\n\n<p>In another technique called mini laparotomy, the ligation of the tubes is done by reaching the cords through a 3-5 cm horizontal incision made in the groin. The incision is small and healing is easy. Generally, Mersin tube ligation surgery, it is possible to discharge the patient after 1 day of hospitalization. It may not be preferred in women who are overweight, in people who have had a previous surgical operation that may prevent the procedure, and in those with a history of endometriosis.<\/p>\n\n\n\n<p>Tubal ligation can be done by putting a plastic ring around them, removing the ends of the tubes, burning the tube and cutting the middle, or removing a piece from the middle of the tube and connecting the remaining ends (Pomeroy style tubal ligation).<\/p>\n\n\n\n<p>These methods can be done after delivery or during cesarean delivery.<\/p>\n\n\n\n<p><strong>Who Can Have Tube Ligation Procedure?<\/strong><\/p>\n\n\n\n<p>Tubal ligation surgery can be recommended especially for couples who have completed their family and do not plan to have children after that. In addition, Mersin tube ligation surgery can be applied to women who may be life-threatening in case of a possible pregnancy and therefore, women who do not want to become pregnant. It is mostly applied to women over the age of 30. Because, as mentioned above, it is a contraceptive method that is very difficult to reverse. The \u201ctu\u201d made for reopening the tubes.<\/p>\n\n\n\n<p><strong>Who is not suitable for tube ligation?<\/strong><\/p>\n\n\n\n<p>Tubal ligation is not recommended for those who have not completed their family and are considering having a child, generally for women under the age of 30, and for those who may want to have children in the future, even if for any reason they are not currently considered.<\/p>\n\n\n\n<p><strong>Advantages and Efficiency of Tubal Ligation Operation in Women<\/strong><\/p>\n\n\n\n<p>After Mersin tube ligation surgery, women can be protected close to 100%. Therefore, it is one of the most advantageous protection methods for suitable individuals. The risk of a failed transaction is approximately 0.4%. Apart from this, tube ligation surgery does not have any harm or side effects. Birth control starts immediately and lasts for life. Therefore, it is possible for individuals to positively affect their sexual lives.<\/p>\n\n\n\n<p><strong>Disadvantages of Tubal Ligation in Women<\/strong><\/p>\n\n\n\n<p>The biggest disadvantage of Mersin tube ligation surgery is that it is very difficult and sometimes even impossible to return, and it is a permanent birth control method.<\/p>\n\n\n\n<p><strong>What are the Risks of Tubal Ligation Operation in Women?<\/strong><\/p>\n\n\n\n<p>As with other surgical methods, there are some risks due to infection, damage to nearby organs and anesthesia. However, in a carefully and properly performed operation, these risks are quite low.<\/p>\n\n\n\n<p><strong>Tube Ligation Method and Menopause<\/strong><\/p>\n\n\n\n<p>There are some false rumors that tube ligation surgery may disrupt the menstrual cycle, cause early menopause, or cause sexual distress and pain. None of these negativities can be expected in a process performed with proper and appropriate techniques. Therefore, it is useless to worry about these issues. There are no side effects of the ligation of the tubes.<\/p>\n\n\n\n<p><strong>Doctors Performing Tube Ligation Surgery<\/strong><\/p>\n\n\n\n<p>Tubal ligation surgery in women is absolutely necessary to be performed by a specialist and experienced team of doctors in order for the procedure to be smooth and successful.<\/p>\n\n\n\n<p><strong>Tubal Ligation Surgery Prices<\/strong><\/p>\n\n\n\n<p>As mentioned above, Mersin tube ligation surgery is possible with a number of different techniques. For this reason, tube ligation operation prices may vary.<\/p>\n","protected":false},"excerpt":{"rendered":"<p>Tube Ligation Surgery In order for a woman to become pregnant, the egg in the woman must meet the sperm from the man in the fallopian tubes and fertilization must take place. Tubal ligation, also called tubal ligation, tubal sterilization (sterilization), is a surgical procedure and a birth control method performed to prevent the union [&hellip;]<\/p>\n","protected":false},"author":1,"featured_media":0,"parent":0,"menu_order":0,"comment_status":"closed","ping_status":"closed","template":"","meta":{"_acf_changed":false,"inline_featured_image":false,"footnotes":""},"class_list":["post-80","page","type-page","status-publish","hentry"],"acf":[],"yoast_head":"<!-- This site is optimized with the Yoast SEO plugin v26.1.1 - https:\/\/yoast.com\/wordpress\/plugins\/seo\/ -->\n<title>Mersin Tube Ligation Surgery - Op. Dr. \u00d6zg\u00fc Keskin Y\u0131lmaz<\/title>\n<meta name=\"description\" content=\"Kad\u0131nlarda t\u00fcp ba\u011flama ameliyat\u0131 nedir,nas\u0131l yap\u0131l\u0131r. Mersin t\u00fcp ba\u011flama ameliyat\u0131 fiyatlar\u0131 i\u00e7in sayfam\u0131za g\u00f6z at\u0131n.\" \/>\n<meta name=\"robots\" content=\"index, follow, max-snippet:-1, max-image-preview:large, max-video-preview:-1\" \/>\n<link rel=\"canonical\" href=\"https:\/\/ozgukeskinyilmaz.com\/en\/tube-ligation-surgery\/\" \/>\n<meta property=\"og:locale\" content=\"en_US\" \/>\n<meta property=\"og:type\" content=\"article\" \/>\n<meta property=\"og:title\" content=\"Mersin Tube Ligation Surgery - Op. Dr. \u00d6zg\u00fc Keskin Y\u0131lmaz\" \/>\n<meta property=\"og:description\" content=\"Kad\u0131nlarda t\u00fcp ba\u011flama ameliyat\u0131 nedir,nas\u0131l yap\u0131l\u0131r. Mersin t\u00fcp ba\u011flama ameliyat\u0131 fiyatlar\u0131 i\u00e7in sayfam\u0131za g\u00f6z at\u0131n.\" \/>\n<meta property=\"og:url\" content=\"https:\/\/ozgukeskinyilmaz.com\/en\/tube-ligation-surgery\/\" \/>\n<meta property=\"og:site_name\" content=\"Op. Dr. \u00d6zg\u00fc Keskin Y\u0131lmaz\" \/>\n<meta property=\"article:modified_time\" content=\"2022-11-29T09:53:38+00:00\" \/>\n<meta name=\"twitter:card\" content=\"summary_large_image\" \/>\n<meta name=\"twitter:label1\" content=\"Est. reading time\" \/>\n\t<meta name=\"twitter:data1\" content=\"5 minutes\" \/>\n<script type=\"application\/ld+json\" class=\"yoast-schema-graph\">{\"@context\":\"https:\/\/schema.org\",\"@graph\":[{\"@type\":\"WebPage\",\"@id\":\"https:\/\/ozgukeskinyilmaz.com\/en\/tube-ligation-surgery\/\",\"url\":\"https:\/\/ozgukeskinyilmaz.com\/en\/tube-ligation-surgery\/\",\"name\":\"Mersin Tube Ligation Surgery - Op. Dr. \u00d6zg\u00fc Keskin Y\u0131lmaz\",\"isPartOf\":{\"@id\":\"https:\/\/ozgukeskinyilmaz.com\/en\/#website\"},\"datePublished\":\"2017-10-05T20:18:53+00:00\",\"dateModified\":\"2022-11-29T09:53:38+00:00\",\"description\":\"Kad\u0131nlarda t\u00fcp ba\u011flama ameliyat\u0131 nedir,nas\u0131l yap\u0131l\u0131r. Mersin t\u00fcp ba\u011flama ameliyat\u0131 fiyatlar\u0131 i\u00e7in sayfam\u0131za g\u00f6z at\u0131n.\",\"breadcrumb\":{\"@id\":\"https:\/\/ozgukeskinyilmaz.com\/en\/tube-ligation-surgery\/#breadcrumb\"},\"inLanguage\":\"en-US\",\"potentialAction\":[{\"@type\":\"ReadAction\",\"target\":[\"https:\/\/ozgukeskinyilmaz.com\/en\/tube-ligation-surgery\/\"]}]},{\"@type\":\"BreadcrumbList\",\"@id\":\"https:\/\/ozgukeskinyilmaz.com\/en\/tube-ligation-surgery\/#breadcrumb\",\"itemListElement\":[{\"@type\":\"ListItem\",\"position\":1,\"name\":\"Anasayfa\",\"item\":\"https:\/\/ozgukeskinyilmaz.com\/en\/\"},{\"@type\":\"ListItem\",\"position\":2,\"name\":\"Tube Ligation Surgery\"}]},{\"@type\":\"WebSite\",\"@id\":\"https:\/\/ozgukeskinyilmaz.com\/en\/#website\",\"url\":\"https:\/\/ozgukeskinyilmaz.com\/en\/\",\"name\":\"Op. Dr. \u00d6zg\u00fc Keskin Y\u0131lmaz\",\"description\":\"Kad\u0131n Do\u011fum ve Genital Estetik\",\"potentialAction\":[{\"@type\":\"SearchAction\",\"target\":{\"@type\":\"EntryPoint\",\"urlTemplate\":\"https:\/\/ozgukeskinyilmaz.com\/en\/?s={search_term_string}\"},\"query-input\":{\"@type\":\"PropertyValueSpecification\",\"valueRequired\":true,\"valueName\":\"search_term_string\"}}],\"inLanguage\":\"en-US\"}]}<\/script>\n<!-- \/ Yoast SEO plugin. -->","yoast_head_json":{"title":"Mersin Tube Ligation Surgery - Op. Dr. \u00d6zg\u00fc Keskin Y\u0131lmaz","description":"Kad\u0131nlarda t\u00fcp ba\u011flama ameliyat\u0131 nedir,nas\u0131l yap\u0131l\u0131r. Mersin t\u00fcp ba\u011flama ameliyat\u0131 fiyatlar\u0131 i\u00e7in sayfam\u0131za g\u00f6z at\u0131n.","robots":{"index":"index","follow":"follow","max-snippet":"max-snippet:-1","max-image-preview":"max-image-preview:large","max-video-preview":"max-video-preview:-1"},"canonical":"https:\/\/ozgukeskinyilmaz.com\/en\/tube-ligation-surgery\/","og_locale":"en_US","og_type":"article","og_title":"Mersin Tube Ligation Surgery - Op. Dr. \u00d6zg\u00fc Keskin Y\u0131lmaz","og_description":"Kad\u0131nlarda t\u00fcp ba\u011flama ameliyat\u0131 nedir,nas\u0131l yap\u0131l\u0131r. Mersin t\u00fcp ba\u011flama ameliyat\u0131 fiyatlar\u0131 i\u00e7in sayfam\u0131za g\u00f6z at\u0131n.","og_url":"https:\/\/ozgukeskinyilmaz.com\/en\/tube-ligation-surgery\/","og_site_name":"Op. Dr. \u00d6zg\u00fc Keskin Y\u0131lmaz","article_modified_time":"2022-11-29T09:53:38+00:00","twitter_card":"summary_large_image","twitter_misc":{"Est. reading time":"5 minutes"},"schema":{"@context":"https:\/\/schema.org","@graph":[{"@type":"WebPage","@id":"https:\/\/ozgukeskinyilmaz.com\/en\/tube-ligation-surgery\/","url":"https:\/\/ozgukeskinyilmaz.com\/en\/tube-ligation-surgery\/","name":"Mersin Tube Ligation Surgery - Op. Dr. \u00d6zg\u00fc Keskin Y\u0131lmaz","isPartOf":{"@id":"https:\/\/ozgukeskinyilmaz.com\/en\/#website"},"datePublished":"2017-10-05T20:18:53+00:00","dateModified":"2022-11-29T09:53:38+00:00","description":"Kad\u0131nlarda t\u00fcp ba\u011flama ameliyat\u0131 nedir,nas\u0131l yap\u0131l\u0131r. Mersin t\u00fcp ba\u011flama ameliyat\u0131 fiyatlar\u0131 i\u00e7in sayfam\u0131za g\u00f6z at\u0131n.","breadcrumb":{"@id":"https:\/\/ozgukeskinyilmaz.com\/en\/tube-ligation-surgery\/#breadcrumb"},"inLanguage":"en-US","potentialAction":[{"@type":"ReadAction","target":["https:\/\/ozgukeskinyilmaz.com\/en\/tube-ligation-surgery\/"]}]},{"@type":"BreadcrumbList","@id":"https:\/\/ozgukeskinyilmaz.com\/en\/tube-ligation-surgery\/#breadcrumb","itemListElement":[{"@type":"ListItem","position":1,"name":"Anasayfa","item":"https:\/\/ozgukeskinyilmaz.com\/en\/"},{"@type":"ListItem","position":2,"name":"Tube Ligation Surgery"}]},{"@type":"WebSite","@id":"https:\/\/ozgukeskinyilmaz.com\/en\/#website","url":"https:\/\/ozgukeskinyilmaz.com\/en\/","name":"Op. Dr. \u00d6zg\u00fc Keskin Y\u0131lmaz","description":"Kad\u0131n Do\u011fum ve Genital Estetik","potentialAction":[{"@type":"SearchAction","target":{"@type":"EntryPoint","urlTemplate":"https:\/\/ozgukeskinyilmaz.com\/en\/?s={search_term_string}"},"query-input":{"@type":"PropertyValueSpecification","valueRequired":true,"valueName":"search_term_string"}}],"inLanguage":"en-US"}]}},"_links":{"self":[{"href":"https:\/\/ozgukeskinyilmaz.com\/en\/wp-json\/wp\/v2\/pages\/80","targetHints":{"allow":["GET"]}}],"collection":[{"href":"https:\/\/ozgukeskinyilmaz.com\/en\/wp-json\/wp\/v2\/pages"}],"about":[{"href":"https:\/\/ozgukeskinyilmaz.com\/en\/wp-json\/wp\/v2\/types\/page"}],"author":[{"embeddable":true,"href":"https:\/\/ozgukeskinyilmaz.com\/en\/wp-json\/wp\/v2\/users\/1"}],"replies":[{"embeddable":true,"href":"https:\/\/ozgukeskinyilmaz.com\/en\/wp-json\/wp\/v2\/comments?post=80"}],"version-history":[{"count":0,"href":"https:\/\/ozgukeskinyilmaz.com\/en\/wp-json\/wp\/v2\/pages\/80\/revisions"}],"wp:attachment":[{"href":"https:\/\/ozgukeskinyilmaz.com\/en\/wp-json\/wp\/v2\/media?parent=80"}],"curies":[{"name":"wp","href":"https:\/\/api.w.org\/{rel}","templated":true}]}}