{"id":62,"date":"2017-10-05T19:41:43","date_gmt":"2017-10-05T19:41:43","guid":{"rendered":"http:\/\/www.kadindogumestetik.com\/?page_id=62"},"modified":"2022-12-08T21:39:26","modified_gmt":"2022-12-08T18:39:26","slug":"certificates","status":"publish","type":"page","link":"https:\/\/ozgukeskinyilmaz.com\/en\/certificates\/","title":{"rendered":"Certificates"},"content":{"rendered":"\t\t<div data-elementor-type=\"wp-page\" data-elementor-id=\"62\" class=\"elementor elementor-62\">\n\t\t\t\t\t\t<section class=\"elementor-section elementor-top-section elementor-element elementor-element-7001de1 elementor-section-boxed elementor-section-height-default elementor-section-height-default\" data-id=\"7001de1\" data-element_type=\"section\">\n\t\t\t\t\t\t<div class=\"elementor-container elementor-column-gap-default\">\n\t\t\t\t\t<div class=\"elementor-column elementor-col-100 elementor-top-column elementor-element elementor-element-b5897c3\" data-id=\"b5897c3\" data-element_type=\"column\">\n\t\t\t<div class=\"elementor-widget-wrap elementor-element-populated\">\n\t\t\t\t\t\t<div class=\"elementor-element elementor-element-51d4d70 elementor-widget elementor-widget-heading\" data-id=\"51d4d70\" data-element_type=\"widget\" data-widget_type=\"heading.default\">\n\t\t\t\t<div class=\"elementor-widget-container\">\n\t\t\t\t\t<h1 class=\"elementor-heading-title elementor-size-default\">Certificates<\/h1>\t\t\t\t<\/div>\n\t\t\t\t<\/div>\n\t\t\t\t<div class=\"elementor-element elementor-element-27369fc gallery-spacing-custom elementor-widget elementor-widget-image-gallery\" data-id=\"27369fc\" data-element_type=\"widget\" data-widget_type=\"image-gallery.default\">\n\t\t\t\t<div class=\"elementor-widget-container\">\n\t\t\t\t\t\t\t<div class=\"elementor-image-gallery\">\n\t\t\t<div class=\"row gallery galleryid-62 gallery-columns-3 gallery-size-full\" data-uk-grid-margin=\"\"><figure class=\"gallery-item\"><div class=\"gallery-icon landscape\"><a data-elementor-open-lightbox=\"yes\" data-elementor-lightbox-slideshow=\"27369fc\" data-elementor-lightbox-title=\"WhatsApp Image 2022-09-13 at 11.40.18\" data-e-action-hash=\"#elementor-action%3Aaction%3Dlightbox%26settings%3DeyJpZCI6MTIxOSwidXJsIjoiaHR0cHM6XC9cL296Z3VrZXNraW55aWxtYXouY29tXC9lblwvd3AtY29udGVudFwvdXBsb2Fkc1wvMjAyMlwvMDlcL1doYXRzQXBwLUltYWdlLTIwMjItMDktMTMtYXQtMTEuNDAuMTguanBlZyIsInNsaWRlc2hvdyI6IjI3MzY5ZmMifQ%3D%3D\" href='https:\/\/ozgukeskinyilmaz.com\/en\/wp-content\/uploads\/2022\/09\/WhatsApp-Image-2022-09-13-at-11.40.18.jpeg'><img fetchpriority=\"high\" decoding=\"async\" width=\"530\" height=\"397\" src=\"https:\/\/ozgukeskinyilmaz.com\/en\/wp-content\/uploads\/2022\/09\/WhatsApp-Image-2022-09-13-at-11.40.18.jpeg\" class=\"attachment-full size-full\" alt=\"\" srcset=\"https:\/\/ozgukeskinyilmaz.com\/en\/wp-content\/uploads\/2022\/09\/WhatsApp-Image-2022-09-13-at-11.40.18.jpeg 530w, https:\/\/ozgukeskinyilmaz.com\/en\/wp-content\/uploads\/2022\/09\/WhatsApp-Image-2022-09-13-at-11.40.18-300x225.jpeg 300w\" sizes=\"(max-width: 530px) 100vw, 530px\" \/><\/a><\/div><\/figure><figure class=\"gallery-item\"><div class=\"gallery-icon landscape\"><a data-elementor-open-lightbox=\"yes\" data-elementor-lightbox-slideshow=\"27369fc\" data-elementor-lightbox-title=\"WhatsApp Image 2022-09-13 at 11.40.19\" data-e-action-hash=\"#elementor-action%3Aaction%3Dlightbox%26settings%3DeyJpZCI6MTIyMiwidXJsIjoiaHR0cHM6XC9cL296Z3VrZXNraW55aWxtYXouY29tXC9lblwvd3AtY29udGVudFwvdXBsb2Fkc1wvMjAyMlwvMDlcL1doYXRzQXBwLUltYWdlLTIwMjItMDktMTMtYXQtMTEuNDAuMTkuanBlZyIsInNsaWRlc2hvdyI6IjI3MzY5ZmMifQ%3D%3D\" href='https:\/\/ozgukeskinyilmaz.com\/en\/wp-content\/uploads\/2022\/09\/WhatsApp-Image-2022-09-13-at-11.40.19.jpeg'><img decoding=\"async\" width=\"530\" height=\"397\" src=\"https:\/\/ozgukeskinyilmaz.com\/en\/wp-content\/uploads\/2022\/09\/WhatsApp-Image-2022-09-13-at-11.40.19.jpeg\" class=\"attachment-full size-full\" alt=\"\" srcset=\"https:\/\/ozgukeskinyilmaz.com\/en\/wp-content\/uploads\/2022\/09\/WhatsApp-Image-2022-09-13-at-11.40.19.jpeg 530w, https:\/\/ozgukeskinyilmaz.com\/en\/wp-content\/uploads\/2022\/09\/WhatsApp-Image-2022-09-13-at-11.40.19-300x225.jpeg 300w\" sizes=\"(max-width: 530px) 100vw, 530px\" \/><\/a><\/div><\/figure><figure class=\"gallery-item\"><div class=\"gallery-icon landscape\"><a data-elementor-open-lightbox=\"yes\" data-elementor-lightbox-slideshow=\"27369fc\" data-elementor-lightbox-title=\"WhatsApp Image 2022-09-13 at 11.40.21\" data-e-action-hash=\"#elementor-action%3Aaction%3Dlightbox%26settings%3DeyJpZCI6MTIxNCwidXJsIjoiaHR0cHM6XC9cL296Z3VrZXNraW55aWxtYXouY29tXC9lblwvd3AtY29udGVudFwvdXBsb2Fkc1wvMjAyMlwvMDlcL1doYXRzQXBwLUltYWdlLTIwMjItMDktMTMtYXQtMTEuNDAuMjEuanBlZyIsInNsaWRlc2hvdyI6IjI3MzY5ZmMifQ%3D%3D\" href='https:\/\/ozgukeskinyilmaz.com\/en\/wp-content\/uploads\/2022\/09\/WhatsApp-Image-2022-09-13-at-11.40.21.jpeg'><img decoding=\"async\" width=\"530\" height=\"397\" src=\"https:\/\/ozgukeskinyilmaz.com\/en\/wp-content\/uploads\/2022\/09\/WhatsApp-Image-2022-09-13-at-11.40.21.jpeg\" class=\"attachment-full size-full\" alt=\"\" srcset=\"https:\/\/ozgukeskinyilmaz.com\/en\/wp-content\/uploads\/2022\/09\/WhatsApp-Image-2022-09-13-at-11.40.21.jpeg 530w, https:\/\/ozgukeskinyilmaz.com\/en\/wp-content\/uploads\/2022\/09\/WhatsApp-Image-2022-09-13-at-11.40.21-300x225.jpeg 300w\" sizes=\"(max-width: 530px) 100vw, 530px\" \/><\/a><\/div><\/figure><figure class=\"gallery-item\"><div class=\"gallery-icon landscape\"><a data-elementor-open-lightbox=\"yes\" data-elementor-lightbox-slideshow=\"27369fc\" data-elementor-lightbox-title=\"WhatsApp Image 2022-09-13 at 11.40.18 (2)\" data-e-action-hash=\"#elementor-action%3Aaction%3Dlightbox%26settings%3DeyJpZCI6MTIxOCwidXJsIjoiaHR0cHM6XC9cL296Z3VrZXNraW55aWxtYXouY29tXC9lblwvd3AtY29udGVudFwvdXBsb2Fkc1wvMjAyMlwvMDlcL1doYXRzQXBwLUltYWdlLTIwMjItMDktMTMtYXQtMTEuNDAuMTgtMi5qcGVnIiwic2xpZGVzaG93IjoiMjczNjlmYyJ9\" href='https:\/\/ozgukeskinyilmaz.com\/en\/wp-content\/uploads\/2022\/09\/WhatsApp-Image-2022-09-13-at-11.40.18-2.jpeg'><img loading=\"lazy\" decoding=\"async\" width=\"530\" height=\"397\" src=\"https:\/\/ozgukeskinyilmaz.com\/en\/wp-content\/uploads\/2022\/09\/WhatsApp-Image-2022-09-13-at-11.40.18-2.jpeg\" class=\"attachment-full size-full\" alt=\"\" srcset=\"https:\/\/ozgukeskinyilmaz.com\/en\/wp-content\/uploads\/2022\/09\/WhatsApp-Image-2022-09-13-at-11.40.18-2.jpeg 530w, https:\/\/ozgukeskinyilmaz.com\/en\/wp-content\/uploads\/2022\/09\/WhatsApp-Image-2022-09-13-at-11.40.18-2-300x225.jpeg 300w\" sizes=\"(max-width: 530px) 100vw, 530px\" \/><\/a><\/div><\/figure><figure class=\"gallery-item\"><div class=\"gallery-icon landscape\"><a data-elementor-open-lightbox=\"yes\" data-elementor-lightbox-slideshow=\"27369fc\" data-elementor-lightbox-title=\"WhatsApp Image 2022-09-13 at 11.40.21 (1)\" data-e-action-hash=\"#elementor-action%3Aaction%3Dlightbox%26settings%3DeyJpZCI6MTIxMywidXJsIjoiaHR0cHM6XC9cL296Z3VrZXNraW55aWxtYXouY29tXC9lblwvd3AtY29udGVudFwvdXBsb2Fkc1wvMjAyMlwvMDlcL1doYXRzQXBwLUltYWdlLTIwMjItMDktMTMtYXQtMTEuNDAuMjEtMS5qcGVnIiwic2xpZGVzaG93IjoiMjczNjlmYyJ9\" href='https:\/\/ozgukeskinyilmaz.com\/en\/wp-content\/uploads\/2022\/09\/WhatsApp-Image-2022-09-13-at-11.40.21-1.jpeg'><img loading=\"lazy\" decoding=\"async\" width=\"530\" height=\"397\" src=\"https:\/\/ozgukeskinyilmaz.com\/en\/wp-content\/uploads\/2022\/09\/WhatsApp-Image-2022-09-13-at-11.40.21-1.jpeg\" class=\"attachment-full size-full\" alt=\"\" srcset=\"https:\/\/ozgukeskinyilmaz.com\/en\/wp-content\/uploads\/2022\/09\/WhatsApp-Image-2022-09-13-at-11.40.21-1.jpeg 530w, https:\/\/ozgukeskinyilmaz.com\/en\/wp-content\/uploads\/2022\/09\/WhatsApp-Image-2022-09-13-at-11.40.21-1-300x225.jpeg 300w\" sizes=\"(max-width: 530px) 100vw, 530px\" \/><\/a><\/div><\/figure><figure class=\"gallery-item\"><div class=\"gallery-icon landscape\"><a data-elementor-open-lightbox=\"yes\" data-elementor-lightbox-slideshow=\"27369fc\" data-elementor-lightbox-title=\"WhatsApp Image 2022-09-13 at 11.40.17\" data-e-action-hash=\"#elementor-action%3Aaction%3Dlightbox%26settings%3DeyJpZCI6MTIxNSwidXJsIjoiaHR0cHM6XC9cL296Z3VrZXNraW55aWxtYXouY29tXC9lblwvd3AtY29udGVudFwvdXBsb2Fkc1wvMjAyMlwvMDlcL1doYXRzQXBwLUltYWdlLTIwMjItMDktMTMtYXQtMTEuNDAuMTcuanBlZyIsInNsaWRlc2hvdyI6IjI3MzY5ZmMifQ%3D%3D\" href='https:\/\/ozgukeskinyilmaz.com\/en\/wp-content\/uploads\/2022\/09\/WhatsApp-Image-2022-09-13-at-11.40.17.jpeg'><img loading=\"lazy\" decoding=\"async\" width=\"530\" height=\"397\" src=\"https:\/\/ozgukeskinyilmaz.com\/en\/wp-content\/uploads\/2022\/09\/WhatsApp-Image-2022-09-13-at-11.40.17.jpeg\" class=\"attachment-full size-full\" alt=\"\" srcset=\"https:\/\/ozgukeskinyilmaz.com\/en\/wp-content\/uploads\/2022\/09\/WhatsApp-Image-2022-09-13-at-11.40.17.jpeg 530w, https:\/\/ozgukeskinyilmaz.com\/en\/wp-content\/uploads\/2022\/09\/WhatsApp-Image-2022-09-13-at-11.40.17-300x225.jpeg 300w\" sizes=\"(max-width: 530px) 100vw, 530px\" \/><\/a><\/div><\/figure><figure class=\"gallery-item\"><div class=\"gallery-icon landscape\"><a data-elementor-open-lightbox=\"yes\" data-elementor-lightbox-slideshow=\"27369fc\" data-elementor-lightbox-title=\"WhatsApp Image 2022-09-13 at 11.40.19 (1)\" data-e-action-hash=\"#elementor-action%3Aaction%3Dlightbox%26settings%3DeyJpZCI6MTIyMCwidXJsIjoiaHR0cHM6XC9cL296Z3VrZXNraW55aWxtYXouY29tXC9lblwvd3AtY29udGVudFwvdXBsb2Fkc1wvMjAyMlwvMDlcL1doYXRzQXBwLUltYWdlLTIwMjItMDktMTMtYXQtMTEuNDAuMTktMS5qcGVnIiwic2xpZGVzaG93IjoiMjczNjlmYyJ9\" href='https:\/\/ozgukeskinyilmaz.com\/en\/wp-content\/uploads\/2022\/09\/WhatsApp-Image-2022-09-13-at-11.40.19-1.jpeg'><img loading=\"lazy\" decoding=\"async\" width=\"530\" height=\"397\" src=\"https:\/\/ozgukeskinyilmaz.com\/en\/wp-content\/uploads\/2022\/09\/WhatsApp-Image-2022-09-13-at-11.40.19-1.jpeg\" class=\"attachment-full size-full\" alt=\"\" srcset=\"https:\/\/ozgukeskinyilmaz.com\/en\/wp-content\/uploads\/2022\/09\/WhatsApp-Image-2022-09-13-at-11.40.19-1.jpeg 530w, https:\/\/ozgukeskinyilmaz.com\/en\/wp-content\/uploads\/2022\/09\/WhatsApp-Image-2022-09-13-at-11.40.19-1-300x225.jpeg 300w\" sizes=\"(max-width: 530px) 100vw, 530px\" \/><\/a><\/div><\/figure><figure class=\"gallery-item\"><div class=\"gallery-icon landscape\"><a data-elementor-open-lightbox=\"yes\" data-elementor-lightbox-slideshow=\"27369fc\" data-elementor-lightbox-title=\"WhatsApp Image 2022-09-13 at 11.40.18 (1)\" data-e-action-hash=\"#elementor-action%3Aaction%3Dlightbox%26settings%3DeyJpZCI6MTIxNywidXJsIjoiaHR0cHM6XC9cL296Z3VrZXNraW55aWxtYXouY29tXC9lblwvd3AtY29udGVudFwvdXBsb2Fkc1wvMjAyMlwvMDlcL1doYXRzQXBwLUltYWdlLTIwMjItMDktMTMtYXQtMTEuNDAuMTgtMS5qcGVnIiwic2xpZGVzaG93IjoiMjczNjlmYyJ9\" href='https:\/\/ozgukeskinyilmaz.com\/en\/wp-content\/uploads\/2022\/09\/WhatsApp-Image-2022-09-13-at-11.40.18-1.jpeg'><img loading=\"lazy\" decoding=\"async\" width=\"530\" height=\"397\" src=\"https:\/\/ozgukeskinyilmaz.com\/en\/wp-content\/uploads\/2022\/09\/WhatsApp-Image-2022-09-13-at-11.40.18-1.jpeg\" class=\"attachment-full size-full\" alt=\"\" srcset=\"https:\/\/ozgukeskinyilmaz.com\/en\/wp-content\/uploads\/2022\/09\/WhatsApp-Image-2022-09-13-at-11.40.18-1.jpeg 530w, https:\/\/ozgukeskinyilmaz.com\/en\/wp-content\/uploads\/2022\/09\/WhatsApp-Image-2022-09-13-at-11.40.18-1-300x225.jpeg 300w\" sizes=\"(max-width: 530px) 100vw, 530px\" \/><\/a><\/div><\/figure><figure class=\"gallery-item\"><div class=\"gallery-icon landscape\"><a data-elementor-open-lightbox=\"yes\" data-elementor-lightbox-slideshow=\"27369fc\" data-elementor-lightbox-title=\"WhatsApp Image 2022-09-13 at 11.40.20\" data-e-action-hash=\"#elementor-action%3Aaction%3Dlightbox%26settings%3DeyJpZCI6MTIxMiwidXJsIjoiaHR0cHM6XC9cL296Z3VrZXNraW55aWxtYXouY29tXC9lblwvd3AtY29udGVudFwvdXBsb2Fkc1wvMjAyMlwvMDlcL1doYXRzQXBwLUltYWdlLTIwMjItMDktMTMtYXQtMTEuNDAuMjAuanBlZyIsInNsaWRlc2hvdyI6IjI3MzY5ZmMifQ%3D%3D\" href='https:\/\/ozgukeskinyilmaz.com\/en\/wp-content\/uploads\/2022\/09\/WhatsApp-Image-2022-09-13-at-11.40.20.jpeg'><img loading=\"lazy\" decoding=\"async\" width=\"530\" height=\"397\" src=\"https:\/\/ozgukeskinyilmaz.com\/en\/wp-content\/uploads\/2022\/09\/WhatsApp-Image-2022-09-13-at-11.40.20.jpeg\" class=\"attachment-full size-full\" alt=\"\" srcset=\"https:\/\/ozgukeskinyilmaz.com\/en\/wp-content\/uploads\/2022\/09\/WhatsApp-Image-2022-09-13-at-11.40.20.jpeg 530w, https:\/\/ozgukeskinyilmaz.com\/en\/wp-content\/uploads\/2022\/09\/WhatsApp-Image-2022-09-13-at-11.40.20-300x225.jpeg 300w\" sizes=\"(max-width: 530px) 100vw, 530px\" \/><\/a><\/div><\/figure><figure class=\"gallery-item\"><div class=\"gallery-icon landscape\"><a data-elementor-open-lightbox=\"yes\" data-elementor-lightbox-slideshow=\"27369fc\" data-elementor-lightbox-title=\"WhatsApp Image 2022-09-13 at 11.40.19 (2)\" data-e-action-hash=\"#elementor-action%3Aaction%3Dlightbox%26settings%3DeyJpZCI6MTIyMSwidXJsIjoiaHR0cHM6XC9cL296Z3VrZXNraW55aWxtYXouY29tXC9lblwvd3AtY29udGVudFwvdXBsb2Fkc1wvMjAyMlwvMDlcL1doYXRzQXBwLUltYWdlLTIwMjItMDktMTMtYXQtMTEuNDAuMTktMi5qcGVnIiwic2xpZGVzaG93IjoiMjczNjlmYyJ9\" href='https:\/\/ozgukeskinyilmaz.com\/en\/wp-content\/uploads\/2022\/09\/WhatsApp-Image-2022-09-13-at-11.40.19-2.jpeg'><img loading=\"lazy\" decoding=\"async\" width=\"530\" height=\"397\" src=\"https:\/\/ozgukeskinyilmaz.com\/en\/wp-content\/uploads\/2022\/09\/WhatsApp-Image-2022-09-13-at-11.40.19-2.jpeg\" class=\"attachment-full size-full\" alt=\"\" srcset=\"https:\/\/ozgukeskinyilmaz.com\/en\/wp-content\/uploads\/2022\/09\/WhatsApp-Image-2022-09-13-at-11.40.19-2.jpeg 530w, https:\/\/ozgukeskinyilmaz.com\/en\/wp-content\/uploads\/2022\/09\/WhatsApp-Image-2022-09-13-at-11.40.19-2-300x225.jpeg 300w\" sizes=\"(max-width: 530px) 100vw, 530px\" \/><\/a><\/div><\/figure><figure class=\"gallery-item\"><div class=\"gallery-icon portrait\"><a data-elementor-open-lightbox=\"yes\" data-elementor-lightbox-slideshow=\"27369fc\" data-elementor-lightbox-title=\"WhatsApp Image 2022-09-13 at 11.40.20 (1)\" data-e-action-hash=\"#elementor-action%3Aaction%3Dlightbox%26settings%3DeyJpZCI6MTIyMywidXJsIjoiaHR0cHM6XC9cL296Z3VrZXNraW55aWxtYXouY29tXC9lblwvd3AtY29udGVudFwvdXBsb2Fkc1wvMjAyMlwvMDlcL1doYXRzQXBwLUltYWdlLTIwMjItMDktMTMtYXQtMTEuNDAuMjAtMS5qcGVnIiwic2xpZGVzaG93IjoiMjczNjlmYyJ9\" href='https:\/\/ozgukeskinyilmaz.com\/en\/wp-content\/uploads\/2022\/09\/WhatsApp-Image-2022-09-13-at-11.40.20-1.jpeg'><img loading=\"lazy\" decoding=\"async\" width=\"397\" height=\"530\" src=\"https:\/\/ozgukeskinyilmaz.com\/en\/wp-content\/uploads\/2022\/09\/WhatsApp-Image-2022-09-13-at-11.40.20-1.jpeg\" class=\"attachment-full size-full\" alt=\"\" srcset=\"https:\/\/ozgukeskinyilmaz.com\/en\/wp-content\/uploads\/2022\/09\/WhatsApp-Image-2022-09-13-at-11.40.20-1.jpeg 397w, https:\/\/ozgukeskinyilmaz.com\/en\/wp-content\/uploads\/2022\/09\/WhatsApp-Image-2022-09-13-at-11.40.20-1-225x300.jpeg 225w\" sizes=\"(max-width: 397px) 100vw, 397px\" \/><\/a><\/div><\/figure><\/div>\t\t<\/div>\n\t\t\t\t\t\t<\/div>\n\t\t\t\t<\/div>\n\t\t\t\t\t<\/div>\n\t\t<\/div>\n\t\t\t\t\t<\/div>\n\t\t<\/section>\n\t\t\t\t<\/div>\n\t\t","protected":false},"excerpt":{"rendered":"<p>Certificates<\/p>\n","protected":false},"author":1,"featured_media":0,"parent":0,"menu_order":0,"comment_status":"closed","ping_status":"closed","template":"","meta":{"_acf_changed":false,"inline_featured_image":false,"footnotes":""},"class_list":["post-62","page","type-page","status-publish","hentry"],"acf":[],"yoast_head":"<!-- This site is optimized with the Yoast SEO plugin v26.1.1 - https:\/\/yoast.com\/wordpress\/plugins\/seo\/ -->\n<title>Certificates - Op. Dr. \u00d6zg\u00fc Keskin Y\u0131lmaz<\/title>\n<meta name=\"description\" content=\"Kad\u0131n Do\u011fum ve Hastal\u0131klar\u0131 Uzman\u0131 Op. Dr. \u00d6zg\u00fc Keskin Y\u0131lmaz&#039;\u0131n ald\u0131\u011f\u0131 diploma ve sertifikalara ula\u015fmak i\u00e7in t\u0131klay\u0131n.\" \/>\n<meta name=\"robots\" content=\"index, follow, max-snippet:-1, max-image-preview:large, max-video-preview:-1\" \/>\n<link rel=\"canonical\" href=\"https:\/\/ozgukeskinyilmaz.com\/en\/certificates\/\" \/>\n<meta property=\"og:locale\" content=\"en_US\" \/>\n<meta property=\"og:type\" content=\"article\" \/>\n<meta property=\"og:title\" content=\"Certificates - Op. Dr. \u00d6zg\u00fc Keskin Y\u0131lmaz\" \/>\n<meta property=\"og:description\" content=\"Kad\u0131n Do\u011fum ve Hastal\u0131klar\u0131 Uzman\u0131 Op. Dr. \u00d6zg\u00fc Keskin Y\u0131lmaz&#039;\u0131n ald\u0131\u011f\u0131 diploma ve sertifikalara ula\u015fmak i\u00e7in t\u0131klay\u0131n.\" \/>\n<meta property=\"og:url\" content=\"https:\/\/ozgukeskinyilmaz.com\/en\/certificates\/\" \/>\n<meta property=\"og:site_name\" content=\"Op. Dr. \u00d6zg\u00fc Keskin Y\u0131lmaz\" \/>\n<meta property=\"article:modified_time\" content=\"2022-12-08T18:39:26+00:00\" \/>\n<meta property=\"og:image\" content=\"https:\/\/ozgukeskinyilmaz.com\/en\/wp-content\/uploads\/2022\/09\/WhatsApp-Image-2022-09-13-at-11.40.18.jpeg\" \/>\n<meta name=\"twitter:card\" content=\"summary_large_image\" \/>\n<meta name=\"twitter:label1\" content=\"Est. reading time\" \/>\n\t<meta name=\"twitter:data1\" content=\"3 minutes\" \/>\n<script type=\"application\/ld+json\" class=\"yoast-schema-graph\">{\"@context\":\"https:\/\/schema.org\",\"@graph\":[{\"@type\":\"WebPage\",\"@id\":\"https:\/\/ozgukeskinyilmaz.com\/en\/certificates\/\",\"url\":\"https:\/\/ozgukeskinyilmaz.com\/en\/certificates\/\",\"name\":\"Certificates - Op. Dr. \u00d6zg\u00fc Keskin Y\u0131lmaz\",\"isPartOf\":{\"@id\":\"https:\/\/ozgukeskinyilmaz.com\/en\/#website\"},\"primaryImageOfPage\":{\"@id\":\"https:\/\/ozgukeskinyilmaz.com\/en\/certificates\/#primaryimage\"},\"image\":{\"@id\":\"https:\/\/ozgukeskinyilmaz.com\/en\/certificates\/#primaryimage\"},\"thumbnailUrl\":\"https:\/\/ozgukeskinyilmaz.com\/en\/wp-content\/uploads\/2022\/09\/WhatsApp-Image-2022-09-13-at-11.40.18.jpeg\",\"datePublished\":\"2017-10-05T19:41:43+00:00\",\"dateModified\":\"2022-12-08T18:39:26+00:00\",\"description\":\"Kad\u0131n Do\u011fum ve Hastal\u0131klar\u0131 Uzman\u0131 Op. Dr. \u00d6zg\u00fc Keskin Y\u0131lmaz'\u0131n ald\u0131\u011f\u0131 diploma ve sertifikalara ula\u015fmak i\u00e7in t\u0131klay\u0131n.\",\"breadcrumb\":{\"@id\":\"https:\/\/ozgukeskinyilmaz.com\/en\/certificates\/#breadcrumb\"},\"inLanguage\":\"en-US\",\"potentialAction\":[{\"@type\":\"ReadAction\",\"target\":[\"https:\/\/ozgukeskinyilmaz.com\/en\/certificates\/\"]}]},{\"@type\":\"ImageObject\",\"inLanguage\":\"en-US\",\"@id\":\"https:\/\/ozgukeskinyilmaz.com\/en\/certificates\/#primaryimage\",\"url\":\"https:\/\/ozgukeskinyilmaz.com\/en\/wp-content\/uploads\/2022\/09\/WhatsApp-Image-2022-09-13-at-11.40.18.jpeg\",\"contentUrl\":\"https:\/\/ozgukeskinyilmaz.com\/en\/wp-content\/uploads\/2022\/09\/WhatsApp-Image-2022-09-13-at-11.40.18.jpeg\",\"width\":530,\"height\":397},{\"@type\":\"BreadcrumbList\",\"@id\":\"https:\/\/ozgukeskinyilmaz.com\/en\/certificates\/#breadcrumb\",\"itemListElement\":[{\"@type\":\"ListItem\",\"position\":1,\"name\":\"Anasayfa\",\"item\":\"https:\/\/ozgukeskinyilmaz.com\/en\/\"},{\"@type\":\"ListItem\",\"position\":2,\"name\":\"Certificates\"}]},{\"@type\":\"WebSite\",\"@id\":\"https:\/\/ozgukeskinyilmaz.com\/en\/#website\",\"url\":\"https:\/\/ozgukeskinyilmaz.com\/en\/\",\"name\":\"Op. Dr. \u00d6zg\u00fc Keskin Y\u0131lmaz\",\"description\":\"Kad\u0131n Do\u011fum ve Genital Estetik\",\"potentialAction\":[{\"@type\":\"SearchAction\",\"target\":{\"@type\":\"EntryPoint\",\"urlTemplate\":\"https:\/\/ozgukeskinyilmaz.com\/en\/?s={search_term_string}\"},\"query-input\":{\"@type\":\"PropertyValueSpecification\",\"valueRequired\":true,\"valueName\":\"search_term_string\"}}],\"inLanguage\":\"en-US\"}]}<\/script>\n<!-- \/ Yoast SEO plugin. -->","yoast_head_json":{"title":"Certificates - Op. Dr. \u00d6zg\u00fc Keskin Y\u0131lmaz","description":"Kad\u0131n Do\u011fum ve Hastal\u0131klar\u0131 Uzman\u0131 Op. Dr. \u00d6zg\u00fc Keskin Y\u0131lmaz'\u0131n ald\u0131\u011f\u0131 diploma ve sertifikalara ula\u015fmak i\u00e7in t\u0131klay\u0131n.","robots":{"index":"index","follow":"follow","max-snippet":"max-snippet:-1","max-image-preview":"max-image-preview:large","max-video-preview":"max-video-preview:-1"},"canonical":"https:\/\/ozgukeskinyilmaz.com\/en\/certificates\/","og_locale":"en_US","og_type":"article","og_title":"Certificates - Op. Dr. \u00d6zg\u00fc Keskin Y\u0131lmaz","og_description":"Kad\u0131n Do\u011fum ve Hastal\u0131klar\u0131 Uzman\u0131 Op. Dr. \u00d6zg\u00fc Keskin Y\u0131lmaz'\u0131n ald\u0131\u011f\u0131 diploma ve sertifikalara ula\u015fmak i\u00e7in t\u0131klay\u0131n.","og_url":"https:\/\/ozgukeskinyilmaz.com\/en\/certificates\/","og_site_name":"Op. Dr. \u00d6zg\u00fc Keskin Y\u0131lmaz","article_modified_time":"2022-12-08T18:39:26+00:00","og_image":[{"url":"https:\/\/ozgukeskinyilmaz.com\/en\/wp-content\/uploads\/2022\/09\/WhatsApp-Image-2022-09-13-at-11.40.18.jpeg","type":"","width":"","height":""}],"twitter_card":"summary_large_image","twitter_misc":{"Est. reading time":"3 minutes"},"schema":{"@context":"https:\/\/schema.org","@graph":[{"@type":"WebPage","@id":"https:\/\/ozgukeskinyilmaz.com\/en\/certificates\/","url":"https:\/\/ozgukeskinyilmaz.com\/en\/certificates\/","name":"Certificates - Op. Dr. \u00d6zg\u00fc Keskin Y\u0131lmaz","isPartOf":{"@id":"https:\/\/ozgukeskinyilmaz.com\/en\/#website"},"primaryImageOfPage":{"@id":"https:\/\/ozgukeskinyilmaz.com\/en\/certificates\/#primaryimage"},"image":{"@id":"https:\/\/ozgukeskinyilmaz.com\/en\/certificates\/#primaryimage"},"thumbnailUrl":"https:\/\/ozgukeskinyilmaz.com\/en\/wp-content\/uploads\/2022\/09\/WhatsApp-Image-2022-09-13-at-11.40.18.jpeg","datePublished":"2017-10-05T19:41:43+00:00","dateModified":"2022-12-08T18:39:26+00:00","description":"Kad\u0131n Do\u011fum ve Hastal\u0131klar\u0131 Uzman\u0131 Op. Dr. \u00d6zg\u00fc Keskin Y\u0131lmaz'\u0131n ald\u0131\u011f\u0131 diploma ve sertifikalara ula\u015fmak i\u00e7in t\u0131klay\u0131n.","breadcrumb":{"@id":"https:\/\/ozgukeskinyilmaz.com\/en\/certificates\/#breadcrumb"},"inLanguage":"en-US","potentialAction":[{"@type":"ReadAction","target":["https:\/\/ozgukeskinyilmaz.com\/en\/certificates\/"]}]},{"@type":"ImageObject","inLanguage":"en-US","@id":"https:\/\/ozgukeskinyilmaz.com\/en\/certificates\/#primaryimage","url":"https:\/\/ozgukeskinyilmaz.com\/en\/wp-content\/uploads\/2022\/09\/WhatsApp-Image-2022-09-13-at-11.40.18.jpeg","contentUrl":"https:\/\/ozgukeskinyilmaz.com\/en\/wp-content\/uploads\/2022\/09\/WhatsApp-Image-2022-09-13-at-11.40.18.jpeg","width":530,"height":397},{"@type":"BreadcrumbList","@id":"https:\/\/ozgukeskinyilmaz.com\/en\/certificates\/#breadcrumb","itemListElement":[{"@type":"ListItem","position":1,"name":"Anasayfa","item":"https:\/\/ozgukeskinyilmaz.com\/en\/"},{"@type":"ListItem","position":2,"name":"Certificates"}]},{"@type":"WebSite","@id":"https:\/\/ozgukeskinyilmaz.com\/en\/#website","url":"https:\/\/ozgukeskinyilmaz.com\/en\/","name":"Op. Dr. \u00d6zg\u00fc Keskin Y\u0131lmaz","description":"Kad\u0131n Do\u011fum ve Genital Estetik","potentialAction":[{"@type":"SearchAction","target":{"@type":"EntryPoint","urlTemplate":"https:\/\/ozgukeskinyilmaz.com\/en\/?s={search_term_string}"},"query-input":{"@type":"PropertyValueSpecification","valueRequired":true,"valueName":"search_term_string"}}],"inLanguage":"en-US"}]}},"_links":{"self":[{"href":"https:\/\/ozgukeskinyilmaz.com\/en\/wp-json\/wp\/v2\/pages\/62","targetHints":{"allow":["GET"]}}],"collection":[{"href":"https:\/\/ozgukeskinyilmaz.com\/en\/wp-json\/wp\/v2\/pages"}],"about":[{"href":"https:\/\/ozgukeskinyilmaz.com\/en\/wp-json\/wp\/v2\/types\/page"}],"author":[{"embeddable":true,"href":"https:\/\/ozgukeskinyilmaz.com\/en\/wp-json\/wp\/v2\/users\/1"}],"replies":[{"embeddable":true,"href":"https:\/\/ozgukeskinyilmaz.com\/en\/wp-json\/wp\/v2\/comments?post=62"}],"version-history":[{"count":0,"href":"https:\/\/ozgukeskinyilmaz.com\/en\/wp-json\/wp\/v2\/pages\/62\/revisions"}],"wp:attachment":[{"href":"https:\/\/ozgukeskinyilmaz.com\/en\/wp-json\/wp\/v2\/media?parent=62"}],"curies":[{"name":"wp","href":"https:\/\/api.w.org\/{rel}","templated":true}]}}