{"id":60,"date":"2017-10-05T19:40:47","date_gmt":"2017-10-05T19:40:47","guid":{"rendered":"http:\/\/www.kadindogumestetik.com\/?page_id=60"},"modified":"2022-11-29T14:09:26","modified_gmt":"2022-11-29T11:09:26","slug":"we-in-the-press","status":"publish","type":"page","link":"https:\/\/ozgukeskinyilmaz.com\/en\/we-in-the-press\/","title":{"rendered":"We in the Press"},"content":{"rendered":"\n<p><strong>We in the Press<\/strong><\/p>\n\n\n\n<p>My article published in \u00c7ukurova Express newspaper on October 7, 2017: http:\/\/www.cukurovaexpres.com\/ozel-haber\/op-dr-ozgu-keskin-yilmaz-genital-estetik-ile-yasam-kalitenizi-artirin-h81460.html<\/p>\n\n\n\n<p>Clinic Opening with Vahap Se\u00e7er, Mayor of Mersin Metropolitan Municipality; https:\/\/www.cukurovaexpres.com\/mersin\/saglik-camiasi-bu-acilista-bulustu-h272769.html<\/p>\n\n\n\n<figure class=\"wp-block-embed is-type-video is-provider-youtube wp-block-embed-youtube wp-embed-aspect-16-9 wp-has-aspect-ratio\"><div class=\"wp-block-embed__wrapper\">\n<iframe title=\"OP. DR. \u00d6ZG\u00dc KESK\u0130N YILMAZ KL\u0130N\u0130K A\u00c7ILI\u015eI\" width=\"500\" height=\"281\" src=\"https:\/\/www.youtube.com\/embed\/i856mgSx9Us?feature=oembed\" frameborder=\"0\" allow=\"accelerometer; autoplay; clipboard-write; encrypted-media; gyroscope; picture-in-picture; web-share\" referrerpolicy=\"strict-origin-when-cross-origin\" allowfullscreen><\/iframe>\n<\/div><\/figure>\n","protected":false},"excerpt":{"rendered":"<p>We in the Press My article published in \u00c7ukurova Express newspaper on October 7, 2017: http:\/\/www.cukurovaexpres.com\/ozel-haber\/op-dr-ozgu-keskin-yilmaz-genital-estetik-ile-yasam-kalitenizi-artirin-h81460.html Clinic Opening with Vahap Se\u00e7er, Mayor of Mersin Metropolitan Municipality; https:\/\/www.cukurovaexpres.com\/mersin\/saglik-camiasi-bu-acilista-bulustu-h272769.html<\/p>\n","protected":false},"author":1,"featured_media":0,"parent":0,"menu_order":0,"comment_status":"closed","ping_status":"closed","template":"","meta":{"_acf_changed":false,"inline_featured_image":false,"footnotes":""},"class_list":["post-60","page","type-page","status-publish","hentry"],"acf":[],"yoast_head":"<!-- This site is optimized with the Yoast SEO plugin v26.1.1 - https:\/\/yoast.com\/wordpress\/plugins\/seo\/ -->\n<title>We in the Press - Op. Dr. \u00d6zg\u00fc Keskin Y\u0131lmaz<\/title>\n<meta name=\"description\" content=\"Kad\u0131n Do\u011fum ve Hastal\u0131klar\u0131 Uzman\u0131 Op. Dr. \u00d6zg\u00fc Keskin Y\u0131lmaz&#039;\u0131n bas\u0131nda yer ald\u0131\u011f\u0131 makaleleri incelemek ve klinik a\u00e7\u0131l\u0131\u015f\u0131n\u0131 g\u00f6r\u00fcnt\u00fclemek i\u00e7in t\u0131klay\u0131n.\" \/>\n<meta name=\"robots\" content=\"index, follow, max-snippet:-1, max-image-preview:large, max-video-preview:-1\" \/>\n<link rel=\"canonical\" href=\"https:\/\/ozgukeskinyilmaz.com\/en\/we-in-the-press\/\" \/>\n<meta property=\"og:locale\" content=\"en_US\" \/>\n<meta property=\"og:type\" content=\"article\" \/>\n<meta property=\"og:title\" content=\"We in the Press - Op. Dr. \u00d6zg\u00fc Keskin Y\u0131lmaz\" \/>\n<meta property=\"og:description\" content=\"Kad\u0131n Do\u011fum ve Hastal\u0131klar\u0131 Uzman\u0131 Op. Dr. \u00d6zg\u00fc Keskin Y\u0131lmaz&#039;\u0131n bas\u0131nda yer ald\u0131\u011f\u0131 makaleleri incelemek ve klinik a\u00e7\u0131l\u0131\u015f\u0131n\u0131 g\u00f6r\u00fcnt\u00fclemek i\u00e7in t\u0131klay\u0131n.\" \/>\n<meta property=\"og:url\" content=\"https:\/\/ozgukeskinyilmaz.com\/en\/we-in-the-press\/\" \/>\n<meta property=\"og:site_name\" content=\"Op. Dr. \u00d6zg\u00fc Keskin Y\u0131lmaz\" \/>\n<meta property=\"article:modified_time\" content=\"2022-11-29T11:09:26+00:00\" \/>\n<meta name=\"twitter:card\" content=\"summary_large_image\" \/>\n<meta name=\"twitter:label1\" content=\"Est. reading time\" \/>\n\t<meta name=\"twitter:data1\" content=\"1 minute\" \/>\n<script type=\"application\/ld+json\" class=\"yoast-schema-graph\">{\"@context\":\"https:\/\/schema.org\",\"@graph\":[{\"@type\":\"WebPage\",\"@id\":\"https:\/\/ozgukeskinyilmaz.com\/en\/we-in-the-press\/\",\"url\":\"https:\/\/ozgukeskinyilmaz.com\/en\/we-in-the-press\/\",\"name\":\"We in the Press - Op. Dr. \u00d6zg\u00fc Keskin Y\u0131lmaz\",\"isPartOf\":{\"@id\":\"https:\/\/ozgukeskinyilmaz.com\/en\/#website\"},\"datePublished\":\"2017-10-05T19:40:47+00:00\",\"dateModified\":\"2022-11-29T11:09:26+00:00\",\"description\":\"Kad\u0131n Do\u011fum ve Hastal\u0131klar\u0131 Uzman\u0131 Op. Dr. \u00d6zg\u00fc Keskin Y\u0131lmaz'\u0131n bas\u0131nda yer ald\u0131\u011f\u0131 makaleleri incelemek ve klinik a\u00e7\u0131l\u0131\u015f\u0131n\u0131 g\u00f6r\u00fcnt\u00fclemek i\u00e7in t\u0131klay\u0131n.\",\"breadcrumb\":{\"@id\":\"https:\/\/ozgukeskinyilmaz.com\/en\/we-in-the-press\/#breadcrumb\"},\"inLanguage\":\"en-US\",\"potentialAction\":[{\"@type\":\"ReadAction\",\"target\":[\"https:\/\/ozgukeskinyilmaz.com\/en\/we-in-the-press\/\"]}]},{\"@type\":\"BreadcrumbList\",\"@id\":\"https:\/\/ozgukeskinyilmaz.com\/en\/we-in-the-press\/#breadcrumb\",\"itemListElement\":[{\"@type\":\"ListItem\",\"position\":1,\"name\":\"Anasayfa\",\"item\":\"https:\/\/ozgukeskinyilmaz.com\/en\/\"},{\"@type\":\"ListItem\",\"position\":2,\"name\":\"We in the Press\"}]},{\"@type\":\"WebSite\",\"@id\":\"https:\/\/ozgukeskinyilmaz.com\/en\/#website\",\"url\":\"https:\/\/ozgukeskinyilmaz.com\/en\/\",\"name\":\"Op. Dr. \u00d6zg\u00fc Keskin Y\u0131lmaz\",\"description\":\"Kad\u0131n Do\u011fum ve Genital Estetik\",\"potentialAction\":[{\"@type\":\"SearchAction\",\"target\":{\"@type\":\"EntryPoint\",\"urlTemplate\":\"https:\/\/ozgukeskinyilmaz.com\/en\/?s={search_term_string}\"},\"query-input\":{\"@type\":\"PropertyValueSpecification\",\"valueRequired\":true,\"valueName\":\"search_term_string\"}}],\"inLanguage\":\"en-US\"}]}<\/script>\n<!-- \/ Yoast SEO plugin. -->","yoast_head_json":{"title":"We in the Press - Op. Dr. \u00d6zg\u00fc Keskin Y\u0131lmaz","description":"Kad\u0131n Do\u011fum ve Hastal\u0131klar\u0131 Uzman\u0131 Op. Dr. \u00d6zg\u00fc Keskin Y\u0131lmaz'\u0131n bas\u0131nda yer ald\u0131\u011f\u0131 makaleleri incelemek ve klinik a\u00e7\u0131l\u0131\u015f\u0131n\u0131 g\u00f6r\u00fcnt\u00fclemek i\u00e7in t\u0131klay\u0131n.","robots":{"index":"index","follow":"follow","max-snippet":"max-snippet:-1","max-image-preview":"max-image-preview:large","max-video-preview":"max-video-preview:-1"},"canonical":"https:\/\/ozgukeskinyilmaz.com\/en\/we-in-the-press\/","og_locale":"en_US","og_type":"article","og_title":"We in the Press - Op. Dr. \u00d6zg\u00fc Keskin Y\u0131lmaz","og_description":"Kad\u0131n Do\u011fum ve Hastal\u0131klar\u0131 Uzman\u0131 Op. Dr. \u00d6zg\u00fc Keskin Y\u0131lmaz'\u0131n bas\u0131nda yer ald\u0131\u011f\u0131 makaleleri incelemek ve klinik a\u00e7\u0131l\u0131\u015f\u0131n\u0131 g\u00f6r\u00fcnt\u00fclemek i\u00e7in t\u0131klay\u0131n.","og_url":"https:\/\/ozgukeskinyilmaz.com\/en\/we-in-the-press\/","og_site_name":"Op. Dr. \u00d6zg\u00fc Keskin Y\u0131lmaz","article_modified_time":"2022-11-29T11:09:26+00:00","twitter_card":"summary_large_image","twitter_misc":{"Est. reading time":"1 minute"},"schema":{"@context":"https:\/\/schema.org","@graph":[{"@type":"WebPage","@id":"https:\/\/ozgukeskinyilmaz.com\/en\/we-in-the-press\/","url":"https:\/\/ozgukeskinyilmaz.com\/en\/we-in-the-press\/","name":"We in the Press - Op. Dr. \u00d6zg\u00fc Keskin Y\u0131lmaz","isPartOf":{"@id":"https:\/\/ozgukeskinyilmaz.com\/en\/#website"},"datePublished":"2017-10-05T19:40:47+00:00","dateModified":"2022-11-29T11:09:26+00:00","description":"Kad\u0131n Do\u011fum ve Hastal\u0131klar\u0131 Uzman\u0131 Op. Dr. \u00d6zg\u00fc Keskin Y\u0131lmaz'\u0131n bas\u0131nda yer ald\u0131\u011f\u0131 makaleleri incelemek ve klinik a\u00e7\u0131l\u0131\u015f\u0131n\u0131 g\u00f6r\u00fcnt\u00fclemek i\u00e7in t\u0131klay\u0131n.","breadcrumb":{"@id":"https:\/\/ozgukeskinyilmaz.com\/en\/we-in-the-press\/#breadcrumb"},"inLanguage":"en-US","potentialAction":[{"@type":"ReadAction","target":["https:\/\/ozgukeskinyilmaz.com\/en\/we-in-the-press\/"]}]},{"@type":"BreadcrumbList","@id":"https:\/\/ozgukeskinyilmaz.com\/en\/we-in-the-press\/#breadcrumb","itemListElement":[{"@type":"ListItem","position":1,"name":"Anasayfa","item":"https:\/\/ozgukeskinyilmaz.com\/en\/"},{"@type":"ListItem","position":2,"name":"We in the Press"}]},{"@type":"WebSite","@id":"https:\/\/ozgukeskinyilmaz.com\/en\/#website","url":"https:\/\/ozgukeskinyilmaz.com\/en\/","name":"Op. Dr. \u00d6zg\u00fc Keskin Y\u0131lmaz","description":"Kad\u0131n Do\u011fum ve Genital Estetik","potentialAction":[{"@type":"SearchAction","target":{"@type":"EntryPoint","urlTemplate":"https:\/\/ozgukeskinyilmaz.com\/en\/?s={search_term_string}"},"query-input":{"@type":"PropertyValueSpecification","valueRequired":true,"valueName":"search_term_string"}}],"inLanguage":"en-US"}]}},"_links":{"self":[{"href":"https:\/\/ozgukeskinyilmaz.com\/en\/wp-json\/wp\/v2\/pages\/60","targetHints":{"allow":["GET"]}}],"collection":[{"href":"https:\/\/ozgukeskinyilmaz.com\/en\/wp-json\/wp\/v2\/pages"}],"about":[{"href":"https:\/\/ozgukeskinyilmaz.com\/en\/wp-json\/wp\/v2\/types\/page"}],"author":[{"embeddable":true,"href":"https:\/\/ozgukeskinyilmaz.com\/en\/wp-json\/wp\/v2\/users\/1"}],"replies":[{"embeddable":true,"href":"https:\/\/ozgukeskinyilmaz.com\/en\/wp-json\/wp\/v2\/comments?post=60"}],"version-history":[{"count":0,"href":"https:\/\/ozgukeskinyilmaz.com\/en\/wp-json\/wp\/v2\/pages\/60\/revisions"}],"wp:attachment":[{"href":"https:\/\/ozgukeskinyilmaz.com\/en\/wp-json\/wp\/v2\/media?parent=60"}],"curies":[{"name":"wp","href":"https:\/\/api.w.org\/{rel}","templated":true}]}}