{"id":42,"date":"2017-10-05T18:13:37","date_gmt":"2017-10-05T18:13:37","guid":{"rendered":"http:\/\/www.kadindogumestetik.com\/?page_id=42"},"modified":"2022-11-28T18:31:07","modified_gmt":"2022-11-28T15:31:07","slug":"about","status":"publish","type":"page","link":"https:\/\/ozgukeskinyilmaz.com\/en\/about\/","title":{"rendered":"About"},"content":{"rendered":"\t\t<div data-elementor-type=\"wp-page\" data-elementor-id=\"42\" class=\"elementor elementor-42\">\n\t\t\t\t\t\t<section class=\"elementor-section elementor-top-section elementor-element elementor-element-4adb3643 elementor-section-boxed elementor-section-height-default elementor-section-height-default\" data-id=\"4adb3643\" data-element_type=\"section\">\n\t\t\t\t\t\t<div class=\"elementor-container elementor-column-gap-default\">\n\t\t\t\t\t<div class=\"elementor-column elementor-col-100 elementor-top-column elementor-element elementor-element-138c4081\" data-id=\"138c4081\" data-element_type=\"column\">\n\t\t\t<div class=\"elementor-widget-wrap elementor-element-populated\">\n\t\t\t\t\t\t<div class=\"elementor-element elementor-element-9347d1a elementor-widget elementor-widget-heading\" data-id=\"9347d1a\" data-element_type=\"widget\" data-widget_type=\"heading.default\">\n\t\t\t\t<div class=\"elementor-widget-container\">\n\t\t\t\t\t<h2 class=\"elementor-heading-title elementor-size-default\">Op. Dr. \u00d6zg\u00fc KESK\u0130N YILMAZ <\/h2>\t\t\t\t<\/div>\n\t\t\t\t<\/div>\n\t\t\t\t<section class=\"elementor-section elementor-inner-section elementor-element elementor-element-dfa84d8 elementor-section-boxed elementor-section-height-default elementor-section-height-default\" data-id=\"dfa84d8\" data-element_type=\"section\">\n\t\t\t\t\t\t<div class=\"elementor-container elementor-column-gap-default\">\n\t\t\t\t\t<div class=\"elementor-column elementor-col-50 elementor-inner-column elementor-element elementor-element-7df1d2f\" data-id=\"7df1d2f\" data-element_type=\"column\">\n\t\t\t<div class=\"elementor-widget-wrap elementor-element-populated\">\n\t\t\t\t\t\t<div class=\"elementor-element elementor-element-0573aaf elementor-widget elementor-widget-image\" data-id=\"0573aaf\" data-element_type=\"widget\" data-widget_type=\"image.default\">\n\t\t\t\t<div class=\"elementor-widget-container\">\n\t\t\t\t\t\t\t\t\t\t\t\t\t\t\t<img decoding=\"async\" src=\"https:\/\/ozgukeskinyilmaz.com\/en\/wp-content\/uploads\/elementor\/thumbs\/DSC05765-1024x576-1-pgyjcsyk3mrprlxn6ctxf33mvepex6llfl7azt5doo.jpg\" title=\"DSC05765-1024&#215;576-1\" alt=\"DSC05765-1024x576-1\" loading=\"lazy\" \/>\t\t\t\t\t\t\t\t\t\t\t\t\t\t\t<\/div>\n\t\t\t\t<\/div>\n\t\t\t\t\t<\/div>\n\t\t<\/div>\n\t\t\t\t<div class=\"elementor-column elementor-col-50 elementor-inner-column elementor-element elementor-element-03aa3d4\" data-id=\"03aa3d4\" data-element_type=\"column\">\n\t\t\t<div class=\"elementor-widget-wrap elementor-element-populated\">\n\t\t\t\t\t\t<div class=\"elementor-element elementor-element-1d71ca9 elementor-widget elementor-widget-image\" data-id=\"1d71ca9\" data-element_type=\"widget\" data-widget_type=\"image.default\">\n\t\t\t\t<div class=\"elementor-widget-container\">\n\t\t\t\t\t\t\t\t\t\t\t\t\t\t\t<img decoding=\"async\" src=\"https:\/\/ozgukeskinyilmaz.com\/en\/wp-content\/uploads\/elementor\/thumbs\/4-1-1024x683-1-pgyjdl5psnubfwsolp0qhvzgoyufc3pjjgrve3zki0.jpg\" title=\"4-1-1024&#215;683-1\" alt=\"4-1-1024x683-1\" loading=\"lazy\" \/>\t\t\t\t\t\t\t\t\t\t\t\t\t\t\t<\/div>\n\t\t\t\t<\/div>\n\t\t\t\t\t<\/div>\n\t\t<\/div>\n\t\t\t\t\t<\/div>\n\t\t<\/section>\n\t\t\t\t<div class=\"elementor-element elementor-element-51fa913a elementor-widget elementor-widget-text-editor\" data-id=\"51fa913a\" data-element_type=\"widget\" data-widget_type=\"text-editor.default\">\n\t\t\t\t<div class=\"elementor-widget-container\">\n\t\t\t\t\t\t\t\t\t\n<p>I was born in Mersin in 1973. I graduated from Ege University Faculty of Medicine in 1996. I worked as a general practitioner in Izmir Kemalpasa district for 3 years. Between 2000-2006, I specialized in Obstetrics and Gynecology at Celal Bayar University. I worked as a gynecologist at Adana Kozan State Hospital for 4 years. Between 2010-2014, I worked at Mersin Gynecology and Children&#8217;s Hospital. Between 2014-2020, I worked at Private Yeni\u015fehir Hospital as Mersin obstetrician. I have been serving in my own clinic since 2020.<\/p>\n<p><span style=\"color: var( --e-global-color-text ); font-family: var( --e-global-typography-text-font-family ), Sans-serif; font-weight: var( --e-global-typography-text-font-weight ); font-size: 1rem;\">Dr. \u00d6zg\u00fc KESK\u0130N YILMAZ attended the course organized by the International Society of Genital Aesthetic Surgery and Sexology and received the Advanced Genital Aesthetic Surgery Participation Certificate.<\/span><\/p>\n<p><strong>Association Memberships<\/strong><\/p>\n<ul>\n<li>Turkish Medical Association<\/li>\n<li>Turkish Society of Gynecology and Obstetrics<\/li>\n<li>International Society of Genital Aesthetics and Sexology<\/li>\n<li>Sexual Health Institute Association<\/li>\n<\/ul>\n<p>Op. Dr. Ozgu Keskin Yilmaz Clinic<\/p>\n<p>As of October 2020, I have been serving my patients at the following address:<\/p>\n<p>Address: G\u00fcvenevler Mahallesi, 1919 Sokak Medikal Plaza<\/p>\n<p>No:3 Floor:6 Flat:6 YEN\u0130\u015eEH\u0130R\/MERS\u0130N<\/p>\n<p>SM: 0 545 806 45 45 \u2013 0 507 518 66 42<\/p>\n<p><!-- \/wp:html --><\/p>\t\t\t\t\t\t\t\t<\/div>\n\t\t\t\t<\/div>\n\t\t\t\t\t<\/div>\n\t\t<\/div>\n\t\t\t\t\t<\/div>\n\t\t<\/section>\n\t\t\t\t<section class=\"elementor-section elementor-top-section elementor-element elementor-element-23d1dc4 elementor-section-boxed elementor-section-height-default elementor-section-height-default\" data-id=\"23d1dc4\" data-element_type=\"section\">\n\t\t\t\t\t\t<div class=\"elementor-container elementor-column-gap-default\">\n\t\t\t\t\t<div class=\"elementor-column elementor-col-25 elementor-top-column elementor-element elementor-element-002a353\" data-id=\"002a353\" data-element_type=\"column\">\n\t\t\t<div class=\"elementor-widget-wrap\">\n\t\t\t\t\t\t\t<\/div>\n\t\t<\/div>\n\t\t\t\t<div class=\"elementor-column elementor-col-50 elementor-top-column elementor-element elementor-element-48fa04d\" data-id=\"48fa04d\" data-element_type=\"column\">\n\t\t\t<div class=\"elementor-widget-wrap elementor-element-populated\">\n\t\t\t\t\t\t<div class=\"elementor-element elementor-element-6f429dd elementor-widget elementor-widget-video\" data-id=\"6f429dd\" data-element_type=\"widget\" data-settings=\"{&quot;youtube_url&quot;:&quot;https:\\\/\\\/www.youtube.com\\\/watch?v=GJc_X9KJqAw&quot;,&quot;video_type&quot;:&quot;youtube&quot;,&quot;controls&quot;:&quot;yes&quot;}\" data-widget_type=\"video.default\">\n\t\t\t\t<div class=\"elementor-widget-container\">\n\t\t\t\t\t\t\t<div class=\"elementor-wrapper elementor-open-inline\">\n\t\t\t<div class=\"elementor-video\"><\/div>\t\t<\/div>\n\t\t\t\t\t\t<\/div>\n\t\t\t\t<\/div>\n\t\t\t\t\t<\/div>\n\t\t<\/div>\n\t\t\t\t<div class=\"elementor-column elementor-col-25 elementor-top-column elementor-element elementor-element-cf09bf0\" data-id=\"cf09bf0\" data-element_type=\"column\">\n\t\t\t<div class=\"elementor-widget-wrap\">\n\t\t\t\t\t\t\t<\/div>\n\t\t<\/div>\n\t\t\t\t\t<\/div>\n\t\t<\/section>\n\t\t\t\t<\/div>\n\t\t","protected":false},"excerpt":{"rendered":"<p>Op. Dr. \u00d6zg\u00fc KESK\u0130N YILMAZ I was born in Mersin in 1973. I graduated from Ege University Faculty of Medicine in 1996. I worked as a general practitioner in Izmir Kemalpasa district for 3 years. Between 2000-2006, I specialized in Obstetrics and Gynecology at Celal Bayar University. I worked as a gynecologist at Adana Kozan [&hellip;]<\/p>\n","protected":false},"author":1,"featured_media":0,"parent":0,"menu_order":0,"comment_status":"closed","ping_status":"closed","template":"","meta":{"_acf_changed":false,"inline_featured_image":false,"footnotes":""},"class_list":["post-42","page","type-page","status-publish","hentry"],"acf":[],"yoast_head":"<!-- This site is optimized with the Yoast SEO plugin v26.1.1 - https:\/\/yoast.com\/wordpress\/plugins\/seo\/ -->\n<title>About - Op. Dr. \u00d6zg\u00fc Keskin Y\u0131lmaz<\/title>\n<meta name=\"description\" content=\"Kad\u0131n Do\u011fum ve Hastal\u0131klar\u0131 Uzman\u0131 Op. Dr. \u00d6zg\u00fc Keskin Y\u0131lmaz kimdir? Op. Dr. \u00d6zg\u00fc Keskin Y\u0131lmaz&#039;\u0131n klinik adresine ula\u015fmak i\u00e7in t\u0131klay\u0131n.\" \/>\n<meta name=\"robots\" content=\"index, follow, max-snippet:-1, max-image-preview:large, max-video-preview:-1\" \/>\n<link rel=\"canonical\" href=\"https:\/\/ozgukeskinyilmaz.com\/en\/about\/\" \/>\n<meta property=\"og:locale\" content=\"en_US\" \/>\n<meta property=\"og:type\" content=\"article\" \/>\n<meta property=\"og:title\" content=\"About - Op. Dr. \u00d6zg\u00fc Keskin Y\u0131lmaz\" \/>\n<meta property=\"og:description\" content=\"Kad\u0131n Do\u011fum ve Hastal\u0131klar\u0131 Uzman\u0131 Op. Dr. \u00d6zg\u00fc Keskin Y\u0131lmaz kimdir? Op. Dr. \u00d6zg\u00fc Keskin Y\u0131lmaz&#039;\u0131n klinik adresine ula\u015fmak i\u00e7in t\u0131klay\u0131n.\" \/>\n<meta property=\"og:url\" content=\"https:\/\/ozgukeskinyilmaz.com\/en\/about\/\" \/>\n<meta property=\"og:site_name\" content=\"Op. Dr. \u00d6zg\u00fc Keskin Y\u0131lmaz\" \/>\n<meta property=\"article:modified_time\" content=\"2022-11-28T15:31:07+00:00\" \/>\n<meta property=\"og:image\" content=\"https:\/\/ozgukeskinyilmaz.com\/en\/wp-content\/uploads\/elementor\/thumbs\/DSC05765-1024x576-1-pgyjcsyk3mrprlxn6ctxf33mvepex6llfl7azt5doo.jpg\" \/>\n<meta name=\"twitter:card\" content=\"summary_large_image\" \/>\n<meta name=\"twitter:label1\" content=\"Est. reading time\" \/>\n\t<meta name=\"twitter:data1\" content=\"2 minutes\" \/>\n<script type=\"application\/ld+json\" class=\"yoast-schema-graph\">{\"@context\":\"https:\/\/schema.org\",\"@graph\":[{\"@type\":\"WebPage\",\"@id\":\"https:\/\/ozgukeskinyilmaz.com\/en\/about\/\",\"url\":\"https:\/\/ozgukeskinyilmaz.com\/en\/about\/\",\"name\":\"About - Op. Dr. \u00d6zg\u00fc Keskin Y\u0131lmaz\",\"isPartOf\":{\"@id\":\"https:\/\/ozgukeskinyilmaz.com\/en\/#website\"},\"primaryImageOfPage\":{\"@id\":\"https:\/\/ozgukeskinyilmaz.com\/en\/about\/#primaryimage\"},\"image\":{\"@id\":\"https:\/\/ozgukeskinyilmaz.com\/en\/about\/#primaryimage\"},\"thumbnailUrl\":\"https:\/\/ozgukeskinyilmaz.com\/en\/wp-content\/uploads\/elementor\/thumbs\/DSC05765-1024x576-1-pgyjcsyk3mrprlxn6ctxf33mvepex6llfl7azt5doo.jpg\",\"datePublished\":\"2017-10-05T18:13:37+00:00\",\"dateModified\":\"2022-11-28T15:31:07+00:00\",\"description\":\"Kad\u0131n Do\u011fum ve Hastal\u0131klar\u0131 Uzman\u0131 Op. Dr. \u00d6zg\u00fc Keskin Y\u0131lmaz kimdir? Op. Dr. \u00d6zg\u00fc Keskin Y\u0131lmaz'\u0131n klinik adresine ula\u015fmak i\u00e7in t\u0131klay\u0131n.\",\"breadcrumb\":{\"@id\":\"https:\/\/ozgukeskinyilmaz.com\/en\/about\/#breadcrumb\"},\"inLanguage\":\"en-US\",\"potentialAction\":[{\"@type\":\"ReadAction\",\"target\":[\"https:\/\/ozgukeskinyilmaz.com\/en\/about\/\"]}]},{\"@type\":\"ImageObject\",\"inLanguage\":\"en-US\",\"@id\":\"https:\/\/ozgukeskinyilmaz.com\/en\/about\/#primaryimage\",\"url\":\"https:\/\/ozgukeskinyilmaz.com\/en\/wp-content\/uploads\/elementor\/thumbs\/DSC05765-1024x576-1-pgyjcsyk3mrprlxn6ctxf33mvepex6llfl7azt5doo.jpg\",\"contentUrl\":\"https:\/\/ozgukeskinyilmaz.com\/en\/wp-content\/uploads\/elementor\/thumbs\/DSC05765-1024x576-1-pgyjcsyk3mrprlxn6ctxf33mvepex6llfl7azt5doo.jpg\"},{\"@type\":\"BreadcrumbList\",\"@id\":\"https:\/\/ozgukeskinyilmaz.com\/en\/about\/#breadcrumb\",\"itemListElement\":[{\"@type\":\"ListItem\",\"position\":1,\"name\":\"Anasayfa\",\"item\":\"https:\/\/ozgukeskinyilmaz.com\/en\/\"},{\"@type\":\"ListItem\",\"position\":2,\"name\":\"About\"}]},{\"@type\":\"WebSite\",\"@id\":\"https:\/\/ozgukeskinyilmaz.com\/en\/#website\",\"url\":\"https:\/\/ozgukeskinyilmaz.com\/en\/\",\"name\":\"Op. Dr. \u00d6zg\u00fc Keskin Y\u0131lmaz\",\"description\":\"Kad\u0131n Do\u011fum ve Genital Estetik\",\"potentialAction\":[{\"@type\":\"SearchAction\",\"target\":{\"@type\":\"EntryPoint\",\"urlTemplate\":\"https:\/\/ozgukeskinyilmaz.com\/en\/?s={search_term_string}\"},\"query-input\":{\"@type\":\"PropertyValueSpecification\",\"valueRequired\":true,\"valueName\":\"search_term_string\"}}],\"inLanguage\":\"en-US\"}]}<\/script>\n<!-- \/ Yoast SEO plugin. -->","yoast_head_json":{"title":"About - Op. Dr. \u00d6zg\u00fc Keskin Y\u0131lmaz","description":"Kad\u0131n Do\u011fum ve Hastal\u0131klar\u0131 Uzman\u0131 Op. Dr. \u00d6zg\u00fc Keskin Y\u0131lmaz kimdir? Op. Dr. \u00d6zg\u00fc Keskin Y\u0131lmaz'\u0131n klinik adresine ula\u015fmak i\u00e7in t\u0131klay\u0131n.","robots":{"index":"index","follow":"follow","max-snippet":"max-snippet:-1","max-image-preview":"max-image-preview:large","max-video-preview":"max-video-preview:-1"},"canonical":"https:\/\/ozgukeskinyilmaz.com\/en\/about\/","og_locale":"en_US","og_type":"article","og_title":"About - Op. Dr. \u00d6zg\u00fc Keskin Y\u0131lmaz","og_description":"Kad\u0131n Do\u011fum ve Hastal\u0131klar\u0131 Uzman\u0131 Op. Dr. \u00d6zg\u00fc Keskin Y\u0131lmaz kimdir? Op. Dr. \u00d6zg\u00fc Keskin Y\u0131lmaz'\u0131n klinik adresine ula\u015fmak i\u00e7in t\u0131klay\u0131n.","og_url":"https:\/\/ozgukeskinyilmaz.com\/en\/about\/","og_site_name":"Op. Dr. \u00d6zg\u00fc Keskin Y\u0131lmaz","article_modified_time":"2022-11-28T15:31:07+00:00","og_image":[{"url":"https:\/\/ozgukeskinyilmaz.com\/en\/wp-content\/uploads\/elementor\/thumbs\/DSC05765-1024x576-1-pgyjcsyk3mrprlxn6ctxf33mvepex6llfl7azt5doo.jpg","type":"","width":"","height":""}],"twitter_card":"summary_large_image","twitter_misc":{"Est. reading time":"2 minutes"},"schema":{"@context":"https:\/\/schema.org","@graph":[{"@type":"WebPage","@id":"https:\/\/ozgukeskinyilmaz.com\/en\/about\/","url":"https:\/\/ozgukeskinyilmaz.com\/en\/about\/","name":"About - Op. Dr. \u00d6zg\u00fc Keskin Y\u0131lmaz","isPartOf":{"@id":"https:\/\/ozgukeskinyilmaz.com\/en\/#website"},"primaryImageOfPage":{"@id":"https:\/\/ozgukeskinyilmaz.com\/en\/about\/#primaryimage"},"image":{"@id":"https:\/\/ozgukeskinyilmaz.com\/en\/about\/#primaryimage"},"thumbnailUrl":"https:\/\/ozgukeskinyilmaz.com\/en\/wp-content\/uploads\/elementor\/thumbs\/DSC05765-1024x576-1-pgyjcsyk3mrprlxn6ctxf33mvepex6llfl7azt5doo.jpg","datePublished":"2017-10-05T18:13:37+00:00","dateModified":"2022-11-28T15:31:07+00:00","description":"Kad\u0131n Do\u011fum ve Hastal\u0131klar\u0131 Uzman\u0131 Op. Dr. \u00d6zg\u00fc Keskin Y\u0131lmaz kimdir? Op. Dr. \u00d6zg\u00fc Keskin Y\u0131lmaz'\u0131n klinik adresine ula\u015fmak i\u00e7in t\u0131klay\u0131n.","breadcrumb":{"@id":"https:\/\/ozgukeskinyilmaz.com\/en\/about\/#breadcrumb"},"inLanguage":"en-US","potentialAction":[{"@type":"ReadAction","target":["https:\/\/ozgukeskinyilmaz.com\/en\/about\/"]}]},{"@type":"ImageObject","inLanguage":"en-US","@id":"https:\/\/ozgukeskinyilmaz.com\/en\/about\/#primaryimage","url":"https:\/\/ozgukeskinyilmaz.com\/en\/wp-content\/uploads\/elementor\/thumbs\/DSC05765-1024x576-1-pgyjcsyk3mrprlxn6ctxf33mvepex6llfl7azt5doo.jpg","contentUrl":"https:\/\/ozgukeskinyilmaz.com\/en\/wp-content\/uploads\/elementor\/thumbs\/DSC05765-1024x576-1-pgyjcsyk3mrprlxn6ctxf33mvepex6llfl7azt5doo.jpg"},{"@type":"BreadcrumbList","@id":"https:\/\/ozgukeskinyilmaz.com\/en\/about\/#breadcrumb","itemListElement":[{"@type":"ListItem","position":1,"name":"Anasayfa","item":"https:\/\/ozgukeskinyilmaz.com\/en\/"},{"@type":"ListItem","position":2,"name":"About"}]},{"@type":"WebSite","@id":"https:\/\/ozgukeskinyilmaz.com\/en\/#website","url":"https:\/\/ozgukeskinyilmaz.com\/en\/","name":"Op. Dr. \u00d6zg\u00fc Keskin Y\u0131lmaz","description":"Kad\u0131n Do\u011fum ve Genital Estetik","potentialAction":[{"@type":"SearchAction","target":{"@type":"EntryPoint","urlTemplate":"https:\/\/ozgukeskinyilmaz.com\/en\/?s={search_term_string}"},"query-input":{"@type":"PropertyValueSpecification","valueRequired":true,"valueName":"search_term_string"}}],"inLanguage":"en-US"}]}},"_links":{"self":[{"href":"https:\/\/ozgukeskinyilmaz.com\/en\/wp-json\/wp\/v2\/pages\/42","targetHints":{"allow":["GET"]}}],"collection":[{"href":"https:\/\/ozgukeskinyilmaz.com\/en\/wp-json\/wp\/v2\/pages"}],"about":[{"href":"https:\/\/ozgukeskinyilmaz.com\/en\/wp-json\/wp\/v2\/types\/page"}],"author":[{"embeddable":true,"href":"https:\/\/ozgukeskinyilmaz.com\/en\/wp-json\/wp\/v2\/users\/1"}],"replies":[{"embeddable":true,"href":"https:\/\/ozgukeskinyilmaz.com\/en\/wp-json\/wp\/v2\/comments?post=42"}],"version-history":[{"count":0,"href":"https:\/\/ozgukeskinyilmaz.com\/en\/wp-json\/wp\/v2\/pages\/42\/revisions"}],"wp:attachment":[{"href":"https:\/\/ozgukeskinyilmaz.com\/en\/wp-json\/wp\/v2\/media?parent=42"}],"curies":[{"name":"wp","href":"https:\/\/api.w.org\/{rel}","templated":true}]}}