{"id":39,"date":"2017-10-05T10:15:41","date_gmt":"2017-10-05T10:15:41","guid":{"rendered":"http:\/\/www.kadindogumestetik.com\/?page_id=39"},"modified":"2022-11-29T12:00:59","modified_gmt":"2022-11-29T09:00:59","slug":"gynecology","status":"publish","type":"page","link":"https:\/\/ozgukeskinyilmaz.com\/en\/gynecology\/","title":{"rendered":"Gynecology"},"content":{"rendered":"\t\t<div data-elementor-type=\"wp-page\" data-elementor-id=\"39\" class=\"elementor elementor-39\">\n\t\t\t\t\t\t<section class=\"elementor-section elementor-top-section elementor-element elementor-element-c0b320e elementor-section-boxed elementor-section-height-default elementor-section-height-default\" data-id=\"c0b320e\" data-element_type=\"section\">\n\t\t\t\t\t\t<div class=\"elementor-container elementor-column-gap-default\">\n\t\t\t\t\t<div class=\"elementor-column elementor-col-100 elementor-top-column elementor-element elementor-element-c0fac01\" data-id=\"c0fac01\" data-element_type=\"column\">\n\t\t\t<div class=\"elementor-widget-wrap elementor-element-populated\">\n\t\t\t\t\t\t<div class=\"elementor-element elementor-element-b834b48 elementor-widget elementor-widget-heading\" data-id=\"b834b48\" data-element_type=\"widget\" data-widget_type=\"heading.default\">\n\t\t\t\t<div class=\"elementor-widget-container\">\n\t\t\t\t\t<h1 class=\"elementor-heading-title elementor-size-default\">Gynecology\n<\/h1>\t\t\t\t<\/div>\n\t\t\t\t<\/div>\n\t\t\t\t<div class=\"elementor-element elementor-element-02b3360 elementor-widget elementor-widget-raven-posts\" data-id=\"02b3360\" data-element_type=\"widget\" data-settings=\"{&quot;query_posts_per_page&quot;:12,&quot;classic_columns_mobile&quot;:&quot;2&quot;,&quot;_skin&quot;:&quot;classic&quot;,&quot;classic_layout&quot;:&quot;grid&quot;,&quot;classic_columns&quot;:&quot;3&quot;,&quot;classic_columns_tablet&quot;:&quot;2&quot;,&quot;query_offset&quot;:0}\" data-widget_type=\"raven-posts.classic\">\n\t\t\t\t<div class=\"elementor-widget-container\">\n\t\t\t\t\t\t\t<div class=\"raven-posts raven-grid raven-grid-3 raven-grid-mobile-2 raven-grid-tablet-2\" data-post-id=\"39\" data-archive-query=\"\" data-lang=\"\">\n\t\t\t\t<div class=\"raven-grid-item raven-post-item post-78 page type-page status-publish hentry\">\n\t\t\t<div class=\"raven-post\">\n\t\t\t\t\t\t\t\t<div class=\"raven-post-content\">\n\t\t\t\t\t<h3 class=\"raven-post-title\"><a class=\"raven-post-title-link\" href=\"https:\/\/ozgukeskinyilmaz.com\/en\/twin-pregnancy-and-multiple-pregnancy\/\">Twin Pregnancy and Multiple Pregnancy<\/a><\/h3>\t\t\t\t<\/div>\n\t\t\t<\/div>\n\t\t<\/div>\n\t\t\t\t<div class=\"raven-grid-item raven-post-item post-80 page type-page status-publish hentry\">\n\t\t\t<div class=\"raven-post\">\n\t\t\t\t\t\t\t\t<div class=\"raven-post-content\">\n\t\t\t\t\t<h3 class=\"raven-post-title\"><a class=\"raven-post-title-link\" href=\"https:\/\/ozgukeskinyilmaz.com\/en\/tube-ligation-surgery\/\">Tube Ligation Surgery<\/a><\/h3>\t\t\t\t<\/div>\n\t\t\t<\/div>\n\t\t<\/div>\n\t\t\t\t<div class=\"raven-grid-item raven-post-item post-82 page type-page status-publish hentry\">\n\t\t\t<div class=\"raven-post\">\n\t\t\t\t\t\t\t\t<div class=\"raven-post-content\">\n\t\t\t\t\t<h3 class=\"raven-post-title\"><a class=\"raven-post-title-link\" href=\"https:\/\/ozgukeskinyilmaz.com\/en\/vaginismus-treatment\/\">Vaginismus Treatment<\/a><\/h3>\t\t\t\t<\/div>\n\t\t\t<\/div>\n\t\t<\/div>\n\t\t\t\t<div class=\"raven-grid-item raven-post-item post-85 page type-page status-publish hentry\">\n\t\t\t<div class=\"raven-post\">\n\t\t\t\t\t\t\t\t<div class=\"raven-post-content\">\n\t\t\t\t\t<h3 class=\"raven-post-title\"><a class=\"raven-post-title-link\" href=\"https:\/\/ozgukeskinyilmaz.com\/en\/genital-warts-treatment\/\">Gen\u0131tal Warts Treatment<\/a><\/h3>\t\t\t\t<\/div>\n\t\t\t<\/div>\n\t\t<\/div>\n\t\t\t\t<div class=\"raven-grid-item raven-post-item post-91 page type-page status-publish hentry\">\n\t\t\t<div class=\"raven-post\">\n\t\t\t\t\t\t\t\t<div class=\"raven-post-content\">\n\t\t\t\t\t<h3 class=\"raven-post-title\"><a class=\"raven-post-title-link\" href=\"https:\/\/ozgukeskinyilmaz.com\/en\/laser-incontinence-treatment\/\">Laser Incontinence Treatment<\/a><\/h3>\t\t\t\t<\/div>\n\t\t\t<\/div>\n\t\t<\/div>\n\t\t\t\t<div class=\"raven-grid-item raven-post-item post-93 page type-page status-publish hentry\">\n\t\t\t<div class=\"raven-post\">\n\t\t\t\t\t\t\t\t<div class=\"raven-post-content\">\n\t\t\t\t\t<h3 class=\"raven-post-title\"><a class=\"raven-post-title-link\" href=\"https:\/\/ozgukeskinyilmaz.com\/en\/infertility-treatment\/\">Infertility Treatment<\/a><\/h3>\t\t\t\t<\/div>\n\t\t\t<\/div>\n\t\t<\/div>\n\t\t\t\t<div class=\"raven-grid-item raven-post-item post-167 page type-page status-publish hentry\">\n\t\t\t<div class=\"raven-post\">\n\t\t\t\t\t\t\t\t<div class=\"raven-post-content\">\n\t\t\t\t\t<h3 class=\"raven-post-title\"><a class=\"raven-post-title-link\" href=\"https:\/\/ozgukeskinyilmaz.com\/en\/mersin-labioplasti-estetik-vajen-ic-dudak-kucultme-operasyonu\/\">Labiaplasty<\/a><\/h3>\t\t\t\t<\/div>\n\t\t\t<\/div>\n\t\t<\/div>\n\t\t\t\t<div class=\"raven-grid-item raven-post-item post-171 page type-page status-publish hentry\">\n\t\t\t<div class=\"raven-post\">\n\t\t\t\t\t\t\t\t<div class=\"raven-post-content\">\n\t\t\t\t\t<h3 class=\"raven-post-title\"><a class=\"raven-post-title-link\" href=\"https:\/\/ozgukeskinyilmaz.com\/en\/vaginoplasty\/\">Vaginoplasty<\/a><\/h3>\t\t\t\t<\/div>\n\t\t\t<\/div>\n\t\t<\/div>\n\t\t\t\t<div class=\"raven-grid-item raven-post-item post-178 page type-page status-publish hentry\">\n\t\t\t<div class=\"raven-post\">\n\t\t\t\t\t\t\t\t<div class=\"raven-post-content\">\n\t\t\t\t\t<h3 class=\"raven-post-title\"><a class=\"raven-post-title-link\" href=\"https:\/\/ozgukeskinyilmaz.com\/en\/mersin-lazerle-genital-bolge-beyazlatma\/\">Lazerle Genital B\u00f6lge Beyazlatma<\/a><\/h3>\t\t\t\t<\/div>\n\t\t\t<\/div>\n\t\t<\/div>\n\t\t\t\t<div class=\"raven-grid-item raven-post-item post-184 page type-page status-publish hentry\">\n\t\t\t<div class=\"raven-post\">\n\t\t\t\t\t\t\t\t<div class=\"raven-post-content\">\n\t\t\t\t\t<h3 class=\"raven-post-title\"><a class=\"raven-post-title-link\" href=\"https:\/\/ozgukeskinyilmaz.com\/en\/clitoris-and-g-spot-enlargement\/\">Clitoris and G Spot Enlargement<\/a><\/h3>\t\t\t\t<\/div>\n\t\t\t<\/div>\n\t\t<\/div>\n\t\t\t\t<div class=\"raven-grid-item raven-post-item post-188 page type-page status-publish hentry\">\n\t\t\t<div class=\"raven-post\">\n\t\t\t\t\t\t\t\t<div class=\"raven-post-content\">\n\t\t\t\t\t<h3 class=\"raven-post-title\"><a class=\"raven-post-title-link\" href=\"https:\/\/ozgukeskinyilmaz.com\/en\/hymenoplasty\/\">Hymenoplasty<\/a><\/h3>\t\t\t\t<\/div>\n\t\t\t<\/div>\n\t\t<\/div>\n\t\t\t\t<div class=\"raven-grid-item raven-post-item post-809 page type-page status-publish hentry\">\n\t\t\t<div class=\"raven-post\">\n\t\t\t\t\t\t\t\t<div class=\"raven-post-content\">\n\t\t\t\t\t<h3 class=\"raven-post-title\"><a class=\"raven-post-title-link\" href=\"https:\/\/ozgukeskinyilmaz.com\/en\/abortion\/\">Abortion<\/a><\/h3>\t\t\t\t<\/div>\n\t\t\t<\/div>\n\t\t<\/div>\n\t\t\t\t<\/div>\n\t\t\t\t\t\t<\/div>\n\t\t\t\t<\/div>\n\t\t\t\t\t<\/div>\n\t\t<\/div>\n\t\t\t\t\t<\/div>\n\t\t<\/section>\n\t\t\t\t<\/div>\n\t\t","protected":false},"excerpt":{"rendered":"<p>Gynecology \u0130kiz Gebelik ve \u00c7o\u011ful Gebelik T\u00fcp Ba\u011flama Ameliyat\u0131 Vajinismus Tedavisi Genital Si\u011fil Tedavisi Lazerle \u0130drar Ka\u00e7\u0131rma Tedavisi K\u0131s\u0131rl\u0131k Tedavisi Labiaplasty Vaginoplasty Lazerle Genital B\u00f6lge Beyazlatma Klitoris ve G Noktas\u0131 B\u00fcy\u00fctme \u0130\u015flemi Hymenoplasti (K\u0131zl\u0131k Zar\u0131 Onar\u0131m\u0131) K\u00fcrtaj<\/p>\n","protected":false},"author":1,"featured_media":0,"parent":0,"menu_order":0,"comment_status":"closed","ping_status":"closed","template":"","meta":{"_acf_changed":false,"inline_featured_image":false,"footnotes":""},"class_list":["post-39","page","type-page","status-publish","hentry"],"acf":[],"yoast_head":"<!-- This site is optimized with the Yoast SEO plugin v26.1.1 - https:\/\/yoast.com\/wordpress\/plugins\/seo\/ -->\n<title>Gynecology - Op. Dr. \u00d6zg\u00fc Keskin Y\u0131lmaz<\/title>\n<meta name=\"description\" content=\"Labioplasti,vajinoplasti,k\u00fcrtaj ve bir\u00e7ok jinekolojik muayene ve operasyonlar hakk\u0131nda detayl\u0131 bilgi almak i\u00e7in sayfam\u0131za g\u00f6z at\u0131n.\" \/>\n<meta name=\"robots\" content=\"index, follow, max-snippet:-1, max-image-preview:large, max-video-preview:-1\" \/>\n<link rel=\"canonical\" href=\"https:\/\/ozgukeskinyilmaz.com\/en\/gynecology\/\" \/>\n<meta property=\"og:locale\" content=\"en_US\" \/>\n<meta property=\"og:type\" content=\"article\" \/>\n<meta property=\"og:title\" content=\"Gynecology - Op. Dr. \u00d6zg\u00fc Keskin Y\u0131lmaz\" \/>\n<meta property=\"og:description\" content=\"Labioplasti,vajinoplasti,k\u00fcrtaj ve bir\u00e7ok jinekolojik muayene ve operasyonlar hakk\u0131nda detayl\u0131 bilgi almak i\u00e7in sayfam\u0131za g\u00f6z at\u0131n.\" \/>\n<meta property=\"og:url\" content=\"https:\/\/ozgukeskinyilmaz.com\/en\/gynecology\/\" \/>\n<meta property=\"og:site_name\" content=\"Op. Dr. \u00d6zg\u00fc Keskin Y\u0131lmaz\" \/>\n<meta property=\"article:modified_time\" content=\"2022-11-29T09:00:59+00:00\" \/>\n<meta name=\"twitter:card\" content=\"summary_large_image\" \/>\n<meta name=\"twitter:label1\" content=\"Est. reading time\" \/>\n\t<meta name=\"twitter:data1\" content=\"1 minute\" \/>\n<script type=\"application\/ld+json\" class=\"yoast-schema-graph\">{\"@context\":\"https:\/\/schema.org\",\"@graph\":[{\"@type\":\"WebPage\",\"@id\":\"https:\/\/ozgukeskinyilmaz.com\/en\/gynecology\/\",\"url\":\"https:\/\/ozgukeskinyilmaz.com\/en\/gynecology\/\",\"name\":\"Gynecology - Op. Dr. \u00d6zg\u00fc Keskin Y\u0131lmaz\",\"isPartOf\":{\"@id\":\"https:\/\/ozgukeskinyilmaz.com\/en\/#website\"},\"datePublished\":\"2017-10-05T10:15:41+00:00\",\"dateModified\":\"2022-11-29T09:00:59+00:00\",\"description\":\"Labioplasti,vajinoplasti,k\u00fcrtaj ve bir\u00e7ok jinekolojik muayene ve operasyonlar hakk\u0131nda detayl\u0131 bilgi almak i\u00e7in sayfam\u0131za g\u00f6z at\u0131n.\",\"breadcrumb\":{\"@id\":\"https:\/\/ozgukeskinyilmaz.com\/en\/gynecology\/#breadcrumb\"},\"inLanguage\":\"en-US\",\"potentialAction\":[{\"@type\":\"ReadAction\",\"target\":[\"https:\/\/ozgukeskinyilmaz.com\/en\/gynecology\/\"]}]},{\"@type\":\"BreadcrumbList\",\"@id\":\"https:\/\/ozgukeskinyilmaz.com\/en\/gynecology\/#breadcrumb\",\"itemListElement\":[{\"@type\":\"ListItem\",\"position\":1,\"name\":\"Anasayfa\",\"item\":\"https:\/\/ozgukeskinyilmaz.com\/en\/\"},{\"@type\":\"ListItem\",\"position\":2,\"name\":\"Gynecology\"}]},{\"@type\":\"WebSite\",\"@id\":\"https:\/\/ozgukeskinyilmaz.com\/en\/#website\",\"url\":\"https:\/\/ozgukeskinyilmaz.com\/en\/\",\"name\":\"Op. Dr. \u00d6zg\u00fc Keskin Y\u0131lmaz\",\"description\":\"Kad\u0131n Do\u011fum ve Genital Estetik\",\"potentialAction\":[{\"@type\":\"SearchAction\",\"target\":{\"@type\":\"EntryPoint\",\"urlTemplate\":\"https:\/\/ozgukeskinyilmaz.com\/en\/?s={search_term_string}\"},\"query-input\":{\"@type\":\"PropertyValueSpecification\",\"valueRequired\":true,\"valueName\":\"search_term_string\"}}],\"inLanguage\":\"en-US\"}]}<\/script>\n<!-- \/ Yoast SEO plugin. -->","yoast_head_json":{"title":"Gynecology - Op. Dr. \u00d6zg\u00fc Keskin Y\u0131lmaz","description":"Labioplasti,vajinoplasti,k\u00fcrtaj ve bir\u00e7ok jinekolojik muayene ve operasyonlar hakk\u0131nda detayl\u0131 bilgi almak i\u00e7in sayfam\u0131za g\u00f6z at\u0131n.","robots":{"index":"index","follow":"follow","max-snippet":"max-snippet:-1","max-image-preview":"max-image-preview:large","max-video-preview":"max-video-preview:-1"},"canonical":"https:\/\/ozgukeskinyilmaz.com\/en\/gynecology\/","og_locale":"en_US","og_type":"article","og_title":"Gynecology - Op. Dr. \u00d6zg\u00fc Keskin Y\u0131lmaz","og_description":"Labioplasti,vajinoplasti,k\u00fcrtaj ve bir\u00e7ok jinekolojik muayene ve operasyonlar hakk\u0131nda detayl\u0131 bilgi almak i\u00e7in sayfam\u0131za g\u00f6z at\u0131n.","og_url":"https:\/\/ozgukeskinyilmaz.com\/en\/gynecology\/","og_site_name":"Op. Dr. \u00d6zg\u00fc Keskin Y\u0131lmaz","article_modified_time":"2022-11-29T09:00:59+00:00","twitter_card":"summary_large_image","twitter_misc":{"Est. reading time":"1 minute"},"schema":{"@context":"https:\/\/schema.org","@graph":[{"@type":"WebPage","@id":"https:\/\/ozgukeskinyilmaz.com\/en\/gynecology\/","url":"https:\/\/ozgukeskinyilmaz.com\/en\/gynecology\/","name":"Gynecology - Op. Dr. \u00d6zg\u00fc Keskin Y\u0131lmaz","isPartOf":{"@id":"https:\/\/ozgukeskinyilmaz.com\/en\/#website"},"datePublished":"2017-10-05T10:15:41+00:00","dateModified":"2022-11-29T09:00:59+00:00","description":"Labioplasti,vajinoplasti,k\u00fcrtaj ve bir\u00e7ok jinekolojik muayene ve operasyonlar hakk\u0131nda detayl\u0131 bilgi almak i\u00e7in sayfam\u0131za g\u00f6z at\u0131n.","breadcrumb":{"@id":"https:\/\/ozgukeskinyilmaz.com\/en\/gynecology\/#breadcrumb"},"inLanguage":"en-US","potentialAction":[{"@type":"ReadAction","target":["https:\/\/ozgukeskinyilmaz.com\/en\/gynecology\/"]}]},{"@type":"BreadcrumbList","@id":"https:\/\/ozgukeskinyilmaz.com\/en\/gynecology\/#breadcrumb","itemListElement":[{"@type":"ListItem","position":1,"name":"Anasayfa","item":"https:\/\/ozgukeskinyilmaz.com\/en\/"},{"@type":"ListItem","position":2,"name":"Gynecology"}]},{"@type":"WebSite","@id":"https:\/\/ozgukeskinyilmaz.com\/en\/#website","url":"https:\/\/ozgukeskinyilmaz.com\/en\/","name":"Op. Dr. \u00d6zg\u00fc Keskin Y\u0131lmaz","description":"Kad\u0131n Do\u011fum ve Genital Estetik","potentialAction":[{"@type":"SearchAction","target":{"@type":"EntryPoint","urlTemplate":"https:\/\/ozgukeskinyilmaz.com\/en\/?s={search_term_string}"},"query-input":{"@type":"PropertyValueSpecification","valueRequired":true,"valueName":"search_term_string"}}],"inLanguage":"en-US"}]}},"_links":{"self":[{"href":"https:\/\/ozgukeskinyilmaz.com\/en\/wp-json\/wp\/v2\/pages\/39","targetHints":{"allow":["GET"]}}],"collection":[{"href":"https:\/\/ozgukeskinyilmaz.com\/en\/wp-json\/wp\/v2\/pages"}],"about":[{"href":"https:\/\/ozgukeskinyilmaz.com\/en\/wp-json\/wp\/v2\/types\/page"}],"author":[{"embeddable":true,"href":"https:\/\/ozgukeskinyilmaz.com\/en\/wp-json\/wp\/v2\/users\/1"}],"replies":[{"embeddable":true,"href":"https:\/\/ozgukeskinyilmaz.com\/en\/wp-json\/wp\/v2\/comments?post=39"}],"version-history":[{"count":0,"href":"https:\/\/ozgukeskinyilmaz.com\/en\/wp-json\/wp\/v2\/pages\/39\/revisions"}],"wp:attachment":[{"href":"https:\/\/ozgukeskinyilmaz.com\/en\/wp-json\/wp\/v2\/media?parent=39"}],"curies":[{"name":"wp","href":"https:\/\/api.w.org\/{rel}","templated":true}]}}