{"id":188,"date":"2017-10-24T09:48:15","date_gmt":"2017-10-24T09:48:15","guid":{"rendered":"http:\/\/www.kadindogumestetik.com\/?page_id=188"},"modified":"2022-11-29T12:05:01","modified_gmt":"2022-11-29T09:05:01","slug":"hymenoplasty","status":"publish","type":"page","link":"https:\/\/ozgukeskinyilmaz.com\/en\/hymenoplasty\/","title":{"rendered":"Hymenoplasty"},"content":{"rendered":"\n<p><strong>Myrtle Hymen Planting<\/strong><\/p>\n\n\n\n<p>Myrtle hymen repair, also known as Hymenoplasty, is the mucosal fold that separates the perineum and the vagina and is located 1 cm inside the vaginal entrance. It has been known for centuries as a symbol of women&#8217;s virginity. It still maintains its importance in closed societies. The hymen can be damaged during the first sexual intercourse, as well as after compulsory genital surgeries or accidents. There is an opening in the middle of the hymen that allows menstrual blood and vaginal discharge to come out. Due to the structural differences between individuals, the hymen varies. Sometimes there is no hole in the hymen. The closed hymen (hymen imperforatus) that we see in this way is perforated by gynecologists with a simple surgical intervention. Some hymens are very thick and high-edged. Bleeding is excessive during the first night of intercourse. Or, the part torn during intercourse may coincide with the vein and may require stitches. Others are very thin and transparent and allow intercourse without bleeding. Or there is no vein in the torn area, there is no bleeding.<\/p>\n\n\n\n<p>This type of hymen is flexible, but it is torn at birth. Hymenoplasty is the repair of the hymen. The hymen can be repaired permanently or temporarily. Permanent repair can be done at any time.<\/p>\n\n\n\n<p>Temporary repair should be done at most 1 week before intercourse. It is incomprehensible that the hymen is being sutured. However, it can be understood if the obstetrician is examined.<\/p>\n\n\n\n<p>Hymen repair can be done under general or local anesthesia. The process takes a maximum of 30 minutes. After the procedure, the patient should be given antibiotics.<\/p>\n\n\n\n<p>Genital area hygiene should be given importance to prevent infection. In permanent repair, it can be seen that the stitches do not hold due to infection or that they are opened in cases such as constipation and heavy lifting. For this reason, it should be examined and checked for the last time 3-5 days before the marriage.<\/p>\n\n\n\n<p>In case of rupture of the hymen, people think that they have committed a social crime, they feel sad, they have difficulty in re-establishing a relationship and getting married in the social environment. The purpose of hymen repair is to eliminate this loss of self-confidence and anxiety. Hymen repair is today&#8217;s reality. Whether it should be done or not is still a matter of debate.<\/p>\n\n\n\n<p><strong>Mersin Hymen Planting Price<\/strong><\/p>\n\n\n\n<p>As in all surgeries, the prices of the hymen repair surgery; It covers many elements such as the hospital where the surgery will be performed, health clinics and the physicians who will perform the surgery. Mersin hymen planting price is not very high.<\/p>\n\n\n\n<p>Mersin Gynecology and Obstetrics Specialist Op. Dr. \u00d6zg\u00fc Keskin Y\u0131lmaz&#8217;s &#8220;What are the Types of Hymen?&#8221; Click here to watch the short video.<\/p>\n","protected":false},"excerpt":{"rendered":"<p>Myrtle Hymen Planting Myrtle hymen repair, also known as Hymenoplasty, is the mucosal fold that separates the perineum and the vagina and is located 1 cm inside the vaginal entrance. It has been known for centuries as a symbol of women&#8217;s virginity. It still maintains its importance in closed societies. The hymen can be damaged [&hellip;]<\/p>\n","protected":false},"author":1,"featured_media":0,"parent":0,"menu_order":0,"comment_status":"closed","ping_status":"closed","template":"","meta":{"_acf_changed":false,"inline_featured_image":false,"footnotes":""},"class_list":["post-188","page","type-page","status-publish","hentry"],"acf":[],"yoast_head":"<!-- This site is optimized with the Yoast SEO plugin v26.1.1 - https:\/\/yoast.com\/wordpress\/plugins\/seo\/ -->\n<title>Mersin K\u0131zl\u0131k Zar\u0131 Dikimi | Hymenoplasti - Op. Dr. \u00d6zg\u00fc Keskin Y\u0131lmaz<\/title>\n<meta name=\"description\" content=\"K\u0131zl\u0131k zari dikimi(hymenoplasti) ameliyat\u0131 nas\u0131l olur,Mersin k\u0131zl\u0131k zar\u0131 dikimi ameliyat\u0131 ve fiyatlar\u0131 i\u00e7in t\u0131klay\u0131n.\" \/>\n<meta name=\"robots\" content=\"index, follow, max-snippet:-1, max-image-preview:large, max-video-preview:-1\" \/>\n<link rel=\"canonical\" href=\"https:\/\/ozgukeskinyilmaz.com\/en\/hymenoplasty\/\" \/>\n<meta property=\"og:locale\" content=\"en_US\" \/>\n<meta property=\"og:type\" content=\"article\" \/>\n<meta property=\"og:title\" content=\"Mersin K\u0131zl\u0131k Zar\u0131 Dikimi | Hymenoplasti - Op. Dr. \u00d6zg\u00fc Keskin Y\u0131lmaz\" \/>\n<meta property=\"og:description\" content=\"K\u0131zl\u0131k zari dikimi(hymenoplasti) ameliyat\u0131 nas\u0131l olur,Mersin k\u0131zl\u0131k zar\u0131 dikimi ameliyat\u0131 ve fiyatlar\u0131 i\u00e7in t\u0131klay\u0131n.\" \/>\n<meta property=\"og:url\" content=\"https:\/\/ozgukeskinyilmaz.com\/en\/hymenoplasty\/\" \/>\n<meta property=\"og:site_name\" content=\"Op. Dr. \u00d6zg\u00fc Keskin Y\u0131lmaz\" \/>\n<meta property=\"article:modified_time\" content=\"2022-11-29T09:05:01+00:00\" \/>\n<meta name=\"twitter:card\" content=\"summary_large_image\" \/>\n<meta name=\"twitter:label1\" content=\"Est. reading time\" \/>\n\t<meta name=\"twitter:data1\" content=\"3 minutes\" \/>\n<script type=\"application\/ld+json\" class=\"yoast-schema-graph\">{\"@context\":\"https:\/\/schema.org\",\"@graph\":[{\"@type\":\"WebPage\",\"@id\":\"https:\/\/ozgukeskinyilmaz.com\/en\/hymenoplasty\/\",\"url\":\"https:\/\/ozgukeskinyilmaz.com\/en\/hymenoplasty\/\",\"name\":\"Mersin K\u0131zl\u0131k Zar\u0131 Dikimi | Hymenoplasti - Op. Dr. \u00d6zg\u00fc Keskin Y\u0131lmaz\",\"isPartOf\":{\"@id\":\"https:\/\/ozgukeskinyilmaz.com\/en\/#website\"},\"datePublished\":\"2017-10-24T09:48:15+00:00\",\"dateModified\":\"2022-11-29T09:05:01+00:00\",\"description\":\"K\u0131zl\u0131k zari dikimi(hymenoplasti) ameliyat\u0131 nas\u0131l olur,Mersin k\u0131zl\u0131k zar\u0131 dikimi ameliyat\u0131 ve fiyatlar\u0131 i\u00e7in t\u0131klay\u0131n.\",\"breadcrumb\":{\"@id\":\"https:\/\/ozgukeskinyilmaz.com\/en\/hymenoplasty\/#breadcrumb\"},\"inLanguage\":\"en-US\",\"potentialAction\":[{\"@type\":\"ReadAction\",\"target\":[\"https:\/\/ozgukeskinyilmaz.com\/en\/hymenoplasty\/\"]}]},{\"@type\":\"BreadcrumbList\",\"@id\":\"https:\/\/ozgukeskinyilmaz.com\/en\/hymenoplasty\/#breadcrumb\",\"itemListElement\":[{\"@type\":\"ListItem\",\"position\":1,\"name\":\"Anasayfa\",\"item\":\"https:\/\/ozgukeskinyilmaz.com\/en\/\"},{\"@type\":\"ListItem\",\"position\":2,\"name\":\"Hymenoplasty\"}]},{\"@type\":\"WebSite\",\"@id\":\"https:\/\/ozgukeskinyilmaz.com\/en\/#website\",\"url\":\"https:\/\/ozgukeskinyilmaz.com\/en\/\",\"name\":\"Op. Dr. \u00d6zg\u00fc Keskin Y\u0131lmaz\",\"description\":\"Kad\u0131n Do\u011fum ve Genital Estetik\",\"potentialAction\":[{\"@type\":\"SearchAction\",\"target\":{\"@type\":\"EntryPoint\",\"urlTemplate\":\"https:\/\/ozgukeskinyilmaz.com\/en\/?s={search_term_string}\"},\"query-input\":{\"@type\":\"PropertyValueSpecification\",\"valueRequired\":true,\"valueName\":\"search_term_string\"}}],\"inLanguage\":\"en-US\"}]}<\/script>\n<!-- \/ Yoast SEO plugin. -->","yoast_head_json":{"title":"Mersin K\u0131zl\u0131k Zar\u0131 Dikimi | Hymenoplasti - Op. Dr. \u00d6zg\u00fc Keskin Y\u0131lmaz","description":"K\u0131zl\u0131k zari dikimi(hymenoplasti) ameliyat\u0131 nas\u0131l olur,Mersin k\u0131zl\u0131k zar\u0131 dikimi ameliyat\u0131 ve fiyatlar\u0131 i\u00e7in t\u0131klay\u0131n.","robots":{"index":"index","follow":"follow","max-snippet":"max-snippet:-1","max-image-preview":"max-image-preview:large","max-video-preview":"max-video-preview:-1"},"canonical":"https:\/\/ozgukeskinyilmaz.com\/en\/hymenoplasty\/","og_locale":"en_US","og_type":"article","og_title":"Mersin K\u0131zl\u0131k Zar\u0131 Dikimi | Hymenoplasti - Op. Dr. \u00d6zg\u00fc Keskin Y\u0131lmaz","og_description":"K\u0131zl\u0131k zari dikimi(hymenoplasti) ameliyat\u0131 nas\u0131l olur,Mersin k\u0131zl\u0131k zar\u0131 dikimi ameliyat\u0131 ve fiyatlar\u0131 i\u00e7in t\u0131klay\u0131n.","og_url":"https:\/\/ozgukeskinyilmaz.com\/en\/hymenoplasty\/","og_site_name":"Op. Dr. \u00d6zg\u00fc Keskin Y\u0131lmaz","article_modified_time":"2022-11-29T09:05:01+00:00","twitter_card":"summary_large_image","twitter_misc":{"Est. reading time":"3 minutes"},"schema":{"@context":"https:\/\/schema.org","@graph":[{"@type":"WebPage","@id":"https:\/\/ozgukeskinyilmaz.com\/en\/hymenoplasty\/","url":"https:\/\/ozgukeskinyilmaz.com\/en\/hymenoplasty\/","name":"Mersin K\u0131zl\u0131k Zar\u0131 Dikimi | Hymenoplasti - Op. Dr. \u00d6zg\u00fc Keskin Y\u0131lmaz","isPartOf":{"@id":"https:\/\/ozgukeskinyilmaz.com\/en\/#website"},"datePublished":"2017-10-24T09:48:15+00:00","dateModified":"2022-11-29T09:05:01+00:00","description":"K\u0131zl\u0131k zari dikimi(hymenoplasti) ameliyat\u0131 nas\u0131l olur,Mersin k\u0131zl\u0131k zar\u0131 dikimi ameliyat\u0131 ve fiyatlar\u0131 i\u00e7in t\u0131klay\u0131n.","breadcrumb":{"@id":"https:\/\/ozgukeskinyilmaz.com\/en\/hymenoplasty\/#breadcrumb"},"inLanguage":"en-US","potentialAction":[{"@type":"ReadAction","target":["https:\/\/ozgukeskinyilmaz.com\/en\/hymenoplasty\/"]}]},{"@type":"BreadcrumbList","@id":"https:\/\/ozgukeskinyilmaz.com\/en\/hymenoplasty\/#breadcrumb","itemListElement":[{"@type":"ListItem","position":1,"name":"Anasayfa","item":"https:\/\/ozgukeskinyilmaz.com\/en\/"},{"@type":"ListItem","position":2,"name":"Hymenoplasty"}]},{"@type":"WebSite","@id":"https:\/\/ozgukeskinyilmaz.com\/en\/#website","url":"https:\/\/ozgukeskinyilmaz.com\/en\/","name":"Op. Dr. \u00d6zg\u00fc Keskin Y\u0131lmaz","description":"Kad\u0131n Do\u011fum ve Genital Estetik","potentialAction":[{"@type":"SearchAction","target":{"@type":"EntryPoint","urlTemplate":"https:\/\/ozgukeskinyilmaz.com\/en\/?s={search_term_string}"},"query-input":{"@type":"PropertyValueSpecification","valueRequired":true,"valueName":"search_term_string"}}],"inLanguage":"en-US"}]}},"_links":{"self":[{"href":"https:\/\/ozgukeskinyilmaz.com\/en\/wp-json\/wp\/v2\/pages\/188","targetHints":{"allow":["GET"]}}],"collection":[{"href":"https:\/\/ozgukeskinyilmaz.com\/en\/wp-json\/wp\/v2\/pages"}],"about":[{"href":"https:\/\/ozgukeskinyilmaz.com\/en\/wp-json\/wp\/v2\/types\/page"}],"author":[{"embeddable":true,"href":"https:\/\/ozgukeskinyilmaz.com\/en\/wp-json\/wp\/v2\/users\/1"}],"replies":[{"embeddable":true,"href":"https:\/\/ozgukeskinyilmaz.com\/en\/wp-json\/wp\/v2\/comments?post=188"}],"version-history":[{"count":0,"href":"https:\/\/ozgukeskinyilmaz.com\/en\/wp-json\/wp\/v2\/pages\/188\/revisions"}],"wp:attachment":[{"href":"https:\/\/ozgukeskinyilmaz.com\/en\/wp-json\/wp\/v2\/media?parent=188"}],"curies":[{"name":"wp","href":"https:\/\/api.w.org\/{rel}","templated":true}]}}