{"id":184,"date":"2017-10-24T09:40:37","date_gmt":"2017-10-24T09:40:37","guid":{"rendered":"http:\/\/www.kadindogumestetik.com\/?page_id=184"},"modified":"2022-11-29T12:28:12","modified_gmt":"2022-11-29T09:28:12","slug":"clitoris-and-g-spot-enlargement","status":"publish","type":"page","link":"https:\/\/ozgukeskinyilmaz.com\/en\/clitoris-and-g-spot-enlargement\/","title":{"rendered":"Clitoris and G Spot Enlargement"},"content":{"rendered":"\n<p><strong>Clitoris and G Spot Enlargement<\/strong><\/p>\n\n\n\n<p>In cases of loss or absence of sexual pleasure in women, patients are evaluated psychologically and anatomically. After the psychological dimension is distinguished, clitoris and G-zone augmentation can be performed. The G spot is the most sensitive area for sexual pleasure after the clitoris, which is located 3-4 cm inside the vagina from the genital area entrance.<\/p>\n\n\n\n<p>G spot augmentation is the enlargement of this area with the fillers (Hyaluronic acid or PRP) given to these areas. Thus, sexual pleasure can be increased by increasing the contact surface during intercourse. These procedures take 10 minutes under local anesthesia. After the procedure, patients can return to their normal lives immediately. Fillers stay on average for six months. There is no harm in repeating the process afterwards.<\/p>\n","protected":false},"excerpt":{"rendered":"<p>Clitoris and G Spot Enlargement In cases of loss or absence of sexual pleasure in women, patients are evaluated psychologically and anatomically. After the psychological dimension is distinguished, clitoris and G-zone augmentation can be performed. The G spot is the most sensitive area for sexual pleasure after the clitoris, which is located 3-4 cm inside [&hellip;]<\/p>\n","protected":false},"author":1,"featured_media":0,"parent":0,"menu_order":0,"comment_status":"closed","ping_status":"closed","template":"","meta":{"_acf_changed":false,"inline_featured_image":false,"footnotes":""},"class_list":["post-184","page","type-page","status-publish","hentry"],"acf":[],"yoast_head":"<!-- This site is optimized with the Yoast SEO plugin v26.1.1 - https:\/\/yoast.com\/wordpress\/plugins\/seo\/ -->\n<title>Clitoris and G Spot Enlargement - Op. Dr. \u00d6zg\u00fc Keskin Y\u0131lmaz<\/title>\n<meta name=\"description\" content=\"Klitoris ve G noktas\u0131 b\u00fcy\u00fctme i\u015flemi nedir ve klitoris ve g noktas\u0131 b\u00fcy\u00fctme i\u015flemi nas\u0131l yap\u0131l\u0131r? Detayl\u0131 bilgi i\u00e7in t\u0131klay\u0131n.\" \/>\n<meta name=\"robots\" content=\"index, follow, max-snippet:-1, max-image-preview:large, max-video-preview:-1\" \/>\n<link rel=\"canonical\" href=\"https:\/\/ozgukeskinyilmaz.com\/en\/clitoris-and-g-spot-enlargement\/\" \/>\n<meta property=\"og:locale\" content=\"en_US\" \/>\n<meta property=\"og:type\" content=\"article\" \/>\n<meta property=\"og:title\" content=\"Clitoris and G Spot Enlargement - Op. Dr. \u00d6zg\u00fc Keskin Y\u0131lmaz\" \/>\n<meta property=\"og:description\" content=\"Klitoris ve G noktas\u0131 b\u00fcy\u00fctme i\u015flemi nedir ve klitoris ve g noktas\u0131 b\u00fcy\u00fctme i\u015flemi nas\u0131l yap\u0131l\u0131r? Detayl\u0131 bilgi i\u00e7in t\u0131klay\u0131n.\" \/>\n<meta property=\"og:url\" content=\"https:\/\/ozgukeskinyilmaz.com\/en\/clitoris-and-g-spot-enlargement\/\" \/>\n<meta property=\"og:site_name\" content=\"Op. Dr. \u00d6zg\u00fc Keskin Y\u0131lmaz\" \/>\n<meta property=\"article:modified_time\" content=\"2022-11-29T09:28:12+00:00\" \/>\n<meta name=\"twitter:card\" content=\"summary_large_image\" \/>\n<meta name=\"twitter:label1\" content=\"Est. reading time\" \/>\n\t<meta name=\"twitter:data1\" content=\"1 minute\" \/>\n<script type=\"application\/ld+json\" class=\"yoast-schema-graph\">{\"@context\":\"https:\/\/schema.org\",\"@graph\":[{\"@type\":\"WebPage\",\"@id\":\"https:\/\/ozgukeskinyilmaz.com\/en\/clitoris-and-g-spot-enlargement\/\",\"url\":\"https:\/\/ozgukeskinyilmaz.com\/en\/clitoris-and-g-spot-enlargement\/\",\"name\":\"Clitoris and G Spot Enlargement - Op. Dr. \u00d6zg\u00fc Keskin Y\u0131lmaz\",\"isPartOf\":{\"@id\":\"https:\/\/ozgukeskinyilmaz.com\/en\/#website\"},\"datePublished\":\"2017-10-24T09:40:37+00:00\",\"dateModified\":\"2022-11-29T09:28:12+00:00\",\"description\":\"Klitoris ve G noktas\u0131 b\u00fcy\u00fctme i\u015flemi nedir ve klitoris ve g noktas\u0131 b\u00fcy\u00fctme i\u015flemi nas\u0131l yap\u0131l\u0131r? Detayl\u0131 bilgi i\u00e7in t\u0131klay\u0131n.\",\"breadcrumb\":{\"@id\":\"https:\/\/ozgukeskinyilmaz.com\/en\/clitoris-and-g-spot-enlargement\/#breadcrumb\"},\"inLanguage\":\"en-US\",\"potentialAction\":[{\"@type\":\"ReadAction\",\"target\":[\"https:\/\/ozgukeskinyilmaz.com\/en\/clitoris-and-g-spot-enlargement\/\"]}]},{\"@type\":\"BreadcrumbList\",\"@id\":\"https:\/\/ozgukeskinyilmaz.com\/en\/clitoris-and-g-spot-enlargement\/#breadcrumb\",\"itemListElement\":[{\"@type\":\"ListItem\",\"position\":1,\"name\":\"Anasayfa\",\"item\":\"https:\/\/ozgukeskinyilmaz.com\/en\/\"},{\"@type\":\"ListItem\",\"position\":2,\"name\":\"Clitoris and G Spot Enlargement\"}]},{\"@type\":\"WebSite\",\"@id\":\"https:\/\/ozgukeskinyilmaz.com\/en\/#website\",\"url\":\"https:\/\/ozgukeskinyilmaz.com\/en\/\",\"name\":\"Op. Dr. \u00d6zg\u00fc Keskin Y\u0131lmaz\",\"description\":\"Kad\u0131n Do\u011fum ve Genital Estetik\",\"potentialAction\":[{\"@type\":\"SearchAction\",\"target\":{\"@type\":\"EntryPoint\",\"urlTemplate\":\"https:\/\/ozgukeskinyilmaz.com\/en\/?s={search_term_string}\"},\"query-input\":{\"@type\":\"PropertyValueSpecification\",\"valueRequired\":true,\"valueName\":\"search_term_string\"}}],\"inLanguage\":\"en-US\"}]}<\/script>\n<!-- \/ Yoast SEO plugin. -->","yoast_head_json":{"title":"Clitoris and G Spot Enlargement - Op. Dr. \u00d6zg\u00fc Keskin Y\u0131lmaz","description":"Klitoris ve G noktas\u0131 b\u00fcy\u00fctme i\u015flemi nedir ve klitoris ve g noktas\u0131 b\u00fcy\u00fctme i\u015flemi nas\u0131l yap\u0131l\u0131r? Detayl\u0131 bilgi i\u00e7in t\u0131klay\u0131n.","robots":{"index":"index","follow":"follow","max-snippet":"max-snippet:-1","max-image-preview":"max-image-preview:large","max-video-preview":"max-video-preview:-1"},"canonical":"https:\/\/ozgukeskinyilmaz.com\/en\/clitoris-and-g-spot-enlargement\/","og_locale":"en_US","og_type":"article","og_title":"Clitoris and G Spot Enlargement - Op. Dr. \u00d6zg\u00fc Keskin Y\u0131lmaz","og_description":"Klitoris ve G noktas\u0131 b\u00fcy\u00fctme i\u015flemi nedir ve klitoris ve g noktas\u0131 b\u00fcy\u00fctme i\u015flemi nas\u0131l yap\u0131l\u0131r? Detayl\u0131 bilgi i\u00e7in t\u0131klay\u0131n.","og_url":"https:\/\/ozgukeskinyilmaz.com\/en\/clitoris-and-g-spot-enlargement\/","og_site_name":"Op. Dr. \u00d6zg\u00fc Keskin Y\u0131lmaz","article_modified_time":"2022-11-29T09:28:12+00:00","twitter_card":"summary_large_image","twitter_misc":{"Est. reading time":"1 minute"},"schema":{"@context":"https:\/\/schema.org","@graph":[{"@type":"WebPage","@id":"https:\/\/ozgukeskinyilmaz.com\/en\/clitoris-and-g-spot-enlargement\/","url":"https:\/\/ozgukeskinyilmaz.com\/en\/clitoris-and-g-spot-enlargement\/","name":"Clitoris and G Spot Enlargement - Op. Dr. \u00d6zg\u00fc Keskin Y\u0131lmaz","isPartOf":{"@id":"https:\/\/ozgukeskinyilmaz.com\/en\/#website"},"datePublished":"2017-10-24T09:40:37+00:00","dateModified":"2022-11-29T09:28:12+00:00","description":"Klitoris ve G noktas\u0131 b\u00fcy\u00fctme i\u015flemi nedir ve klitoris ve g noktas\u0131 b\u00fcy\u00fctme i\u015flemi nas\u0131l yap\u0131l\u0131r? Detayl\u0131 bilgi i\u00e7in t\u0131klay\u0131n.","breadcrumb":{"@id":"https:\/\/ozgukeskinyilmaz.com\/en\/clitoris-and-g-spot-enlargement\/#breadcrumb"},"inLanguage":"en-US","potentialAction":[{"@type":"ReadAction","target":["https:\/\/ozgukeskinyilmaz.com\/en\/clitoris-and-g-spot-enlargement\/"]}]},{"@type":"BreadcrumbList","@id":"https:\/\/ozgukeskinyilmaz.com\/en\/clitoris-and-g-spot-enlargement\/#breadcrumb","itemListElement":[{"@type":"ListItem","position":1,"name":"Anasayfa","item":"https:\/\/ozgukeskinyilmaz.com\/en\/"},{"@type":"ListItem","position":2,"name":"Clitoris and G Spot Enlargement"}]},{"@type":"WebSite","@id":"https:\/\/ozgukeskinyilmaz.com\/en\/#website","url":"https:\/\/ozgukeskinyilmaz.com\/en\/","name":"Op. Dr. \u00d6zg\u00fc Keskin Y\u0131lmaz","description":"Kad\u0131n Do\u011fum ve Genital Estetik","potentialAction":[{"@type":"SearchAction","target":{"@type":"EntryPoint","urlTemplate":"https:\/\/ozgukeskinyilmaz.com\/en\/?s={search_term_string}"},"query-input":{"@type":"PropertyValueSpecification","valueRequired":true,"valueName":"search_term_string"}}],"inLanguage":"en-US"}]}},"_links":{"self":[{"href":"https:\/\/ozgukeskinyilmaz.com\/en\/wp-json\/wp\/v2\/pages\/184","targetHints":{"allow":["GET"]}}],"collection":[{"href":"https:\/\/ozgukeskinyilmaz.com\/en\/wp-json\/wp\/v2\/pages"}],"about":[{"href":"https:\/\/ozgukeskinyilmaz.com\/en\/wp-json\/wp\/v2\/types\/page"}],"author":[{"embeddable":true,"href":"https:\/\/ozgukeskinyilmaz.com\/en\/wp-json\/wp\/v2\/users\/1"}],"replies":[{"embeddable":true,"href":"https:\/\/ozgukeskinyilmaz.com\/en\/wp-json\/wp\/v2\/comments?post=184"}],"version-history":[{"count":0,"href":"https:\/\/ozgukeskinyilmaz.com\/en\/wp-json\/wp\/v2\/pages\/184\/revisions"}],"wp:attachment":[{"href":"https:\/\/ozgukeskinyilmaz.com\/en\/wp-json\/wp\/v2\/media?parent=184"}],"curies":[{"name":"wp","href":"https:\/\/api.w.org\/{rel}","templated":true}]}}