{"id":1134,"date":"2022-04-29T10:55:43","date_gmt":"2022-04-29T07:55:43","guid":{"rendered":"https:\/\/ozgukeskinyilmaz.com\/?page_id=1134"},"modified":"2022-11-29T12:30:33","modified_gmt":"2022-11-29T09:30:33","slug":"menopause-in-women","status":"publish","type":"page","link":"https:\/\/ozgukeskinyilmaz.com\/en\/menopause-in-women\/","title":{"rendered":"Menopause in Women"},"content":{"rendered":"\n<figure class=\"wp-block-embed is-type-video is-provider-youtube wp-block-embed-youtube wp-embed-aspect-16-9 wp-has-aspect-ratio\"><div class=\"wp-block-embed__wrapper\">\n<iframe title=\"KADINLARDA MENOPOZ\" width=\"500\" height=\"281\" src=\"https:\/\/www.youtube.com\/embed\/Ubg2v12WvBs?feature=oembed\" frameborder=\"0\" allow=\"accelerometer; autoplay; clipboard-write; encrypted-media; gyroscope; picture-in-picture; web-share\" referrerpolicy=\"strict-origin-when-cross-origin\" allowfullscreen><\/iframe>\n<\/div><\/figure>\n","protected":false},"excerpt":{"rendered":"","protected":false},"author":1,"featured_media":0,"parent":0,"menu_order":0,"comment_status":"closed","ping_status":"closed","template":"","meta":{"_acf_changed":false,"inline_featured_image":false,"footnotes":""},"class_list":["post-1134","page","type-page","status-publish","hentry"],"acf":[],"yoast_head":"<!-- This site is optimized with the Yoast SEO plugin v26.1.1 - https:\/\/yoast.com\/wordpress\/plugins\/seo\/ -->\n<title>Menopause in Women - Op. Dr. \u00d6zg\u00fc Keskin Y\u0131lmaz<\/title>\n<meta name=\"description\" content=\"Menopoz nedir,ne zaman olur,belirtileri nelerdir? Menopoz hakk\u0131nda detayl\u0131 bilgi almak i\u00e7in videomuza g\u00f6z at\u0131n.\" \/>\n<meta name=\"robots\" content=\"index, follow, max-snippet:-1, max-image-preview:large, max-video-preview:-1\" \/>\n<link rel=\"canonical\" href=\"https:\/\/ozgukeskinyilmaz.com\/en\/menopause-in-women\/\" \/>\n<meta property=\"og:locale\" content=\"en_US\" \/>\n<meta property=\"og:type\" content=\"article\" \/>\n<meta property=\"og:title\" content=\"Menopause in Women - Op. Dr. \u00d6zg\u00fc Keskin Y\u0131lmaz\" \/>\n<meta property=\"og:description\" content=\"Menopoz nedir,ne zaman olur,belirtileri nelerdir? Menopoz hakk\u0131nda detayl\u0131 bilgi almak i\u00e7in videomuza g\u00f6z at\u0131n.\" \/>\n<meta property=\"og:url\" content=\"https:\/\/ozgukeskinyilmaz.com\/en\/menopause-in-women\/\" \/>\n<meta property=\"og:site_name\" content=\"Op. Dr. \u00d6zg\u00fc Keskin Y\u0131lmaz\" \/>\n<meta property=\"article:modified_time\" content=\"2022-11-29T09:30:33+00:00\" \/>\n<meta name=\"twitter:card\" content=\"summary_large_image\" \/>\n<meta name=\"twitter:label1\" content=\"Est. reading time\" \/>\n\t<meta name=\"twitter:data1\" content=\"1 minute\" \/>\n<script type=\"application\/ld+json\" class=\"yoast-schema-graph\">{\"@context\":\"https:\/\/schema.org\",\"@graph\":[{\"@type\":\"WebPage\",\"@id\":\"https:\/\/ozgukeskinyilmaz.com\/en\/menopause-in-women\/\",\"url\":\"https:\/\/ozgukeskinyilmaz.com\/en\/menopause-in-women\/\",\"name\":\"Menopause in Women - Op. Dr. \u00d6zg\u00fc Keskin Y\u0131lmaz\",\"isPartOf\":{\"@id\":\"https:\/\/ozgukeskinyilmaz.com\/en\/#website\"},\"datePublished\":\"2022-04-29T07:55:43+00:00\",\"dateModified\":\"2022-11-29T09:30:33+00:00\",\"description\":\"Menopoz nedir,ne zaman olur,belirtileri nelerdir? Menopoz hakk\u0131nda detayl\u0131 bilgi almak i\u00e7in videomuza g\u00f6z at\u0131n.\",\"breadcrumb\":{\"@id\":\"https:\/\/ozgukeskinyilmaz.com\/en\/menopause-in-women\/#breadcrumb\"},\"inLanguage\":\"en-US\",\"potentialAction\":[{\"@type\":\"ReadAction\",\"target\":[\"https:\/\/ozgukeskinyilmaz.com\/en\/menopause-in-women\/\"]}]},{\"@type\":\"BreadcrumbList\",\"@id\":\"https:\/\/ozgukeskinyilmaz.com\/en\/menopause-in-women\/#breadcrumb\",\"itemListElement\":[{\"@type\":\"ListItem\",\"position\":1,\"name\":\"Anasayfa\",\"item\":\"https:\/\/ozgukeskinyilmaz.com\/en\/\"},{\"@type\":\"ListItem\",\"position\":2,\"name\":\"Menopause in Women\"}]},{\"@type\":\"WebSite\",\"@id\":\"https:\/\/ozgukeskinyilmaz.com\/en\/#website\",\"url\":\"https:\/\/ozgukeskinyilmaz.com\/en\/\",\"name\":\"Op. Dr. \u00d6zg\u00fc Keskin Y\u0131lmaz\",\"description\":\"Kad\u0131n Do\u011fum ve Genital Estetik\",\"potentialAction\":[{\"@type\":\"SearchAction\",\"target\":{\"@type\":\"EntryPoint\",\"urlTemplate\":\"https:\/\/ozgukeskinyilmaz.com\/en\/?s={search_term_string}\"},\"query-input\":{\"@type\":\"PropertyValueSpecification\",\"valueRequired\":true,\"valueName\":\"search_term_string\"}}],\"inLanguage\":\"en-US\"}]}<\/script>\n<!-- \/ Yoast SEO plugin. -->","yoast_head_json":{"title":"Menopause in Women - Op. Dr. \u00d6zg\u00fc Keskin Y\u0131lmaz","description":"Menopoz nedir,ne zaman olur,belirtileri nelerdir? Menopoz hakk\u0131nda detayl\u0131 bilgi almak i\u00e7in videomuza g\u00f6z at\u0131n.","robots":{"index":"index","follow":"follow","max-snippet":"max-snippet:-1","max-image-preview":"max-image-preview:large","max-video-preview":"max-video-preview:-1"},"canonical":"https:\/\/ozgukeskinyilmaz.com\/en\/menopause-in-women\/","og_locale":"en_US","og_type":"article","og_title":"Menopause in Women - Op. Dr. \u00d6zg\u00fc Keskin Y\u0131lmaz","og_description":"Menopoz nedir,ne zaman olur,belirtileri nelerdir? Menopoz hakk\u0131nda detayl\u0131 bilgi almak i\u00e7in videomuza g\u00f6z at\u0131n.","og_url":"https:\/\/ozgukeskinyilmaz.com\/en\/menopause-in-women\/","og_site_name":"Op. Dr. \u00d6zg\u00fc Keskin Y\u0131lmaz","article_modified_time":"2022-11-29T09:30:33+00:00","twitter_card":"summary_large_image","twitter_misc":{"Est. reading time":"1 minute"},"schema":{"@context":"https:\/\/schema.org","@graph":[{"@type":"WebPage","@id":"https:\/\/ozgukeskinyilmaz.com\/en\/menopause-in-women\/","url":"https:\/\/ozgukeskinyilmaz.com\/en\/menopause-in-women\/","name":"Menopause in Women - Op. Dr. \u00d6zg\u00fc Keskin Y\u0131lmaz","isPartOf":{"@id":"https:\/\/ozgukeskinyilmaz.com\/en\/#website"},"datePublished":"2022-04-29T07:55:43+00:00","dateModified":"2022-11-29T09:30:33+00:00","description":"Menopoz nedir,ne zaman olur,belirtileri nelerdir? Menopoz hakk\u0131nda detayl\u0131 bilgi almak i\u00e7in videomuza g\u00f6z at\u0131n.","breadcrumb":{"@id":"https:\/\/ozgukeskinyilmaz.com\/en\/menopause-in-women\/#breadcrumb"},"inLanguage":"en-US","potentialAction":[{"@type":"ReadAction","target":["https:\/\/ozgukeskinyilmaz.com\/en\/menopause-in-women\/"]}]},{"@type":"BreadcrumbList","@id":"https:\/\/ozgukeskinyilmaz.com\/en\/menopause-in-women\/#breadcrumb","itemListElement":[{"@type":"ListItem","position":1,"name":"Anasayfa","item":"https:\/\/ozgukeskinyilmaz.com\/en\/"},{"@type":"ListItem","position":2,"name":"Menopause in Women"}]},{"@type":"WebSite","@id":"https:\/\/ozgukeskinyilmaz.com\/en\/#website","url":"https:\/\/ozgukeskinyilmaz.com\/en\/","name":"Op. Dr. \u00d6zg\u00fc Keskin Y\u0131lmaz","description":"Kad\u0131n Do\u011fum ve Genital Estetik","potentialAction":[{"@type":"SearchAction","target":{"@type":"EntryPoint","urlTemplate":"https:\/\/ozgukeskinyilmaz.com\/en\/?s={search_term_string}"},"query-input":{"@type":"PropertyValueSpecification","valueRequired":true,"valueName":"search_term_string"}}],"inLanguage":"en-US"}]}},"_links":{"self":[{"href":"https:\/\/ozgukeskinyilmaz.com\/en\/wp-json\/wp\/v2\/pages\/1134","targetHints":{"allow":["GET"]}}],"collection":[{"href":"https:\/\/ozgukeskinyilmaz.com\/en\/wp-json\/wp\/v2\/pages"}],"about":[{"href":"https:\/\/ozgukeskinyilmaz.com\/en\/wp-json\/wp\/v2\/types\/page"}],"author":[{"embeddable":true,"href":"https:\/\/ozgukeskinyilmaz.com\/en\/wp-json\/wp\/v2\/users\/1"}],"replies":[{"embeddable":true,"href":"https:\/\/ozgukeskinyilmaz.com\/en\/wp-json\/wp\/v2\/comments?post=1134"}],"version-history":[{"count":0,"href":"https:\/\/ozgukeskinyilmaz.com\/en\/wp-json\/wp\/v2\/pages\/1134\/revisions"}],"wp:attachment":[{"href":"https:\/\/ozgukeskinyilmaz.com\/en\/wp-json\/wp\/v2\/media?parent=1134"}],"curies":[{"name":"wp","href":"https:\/\/api.w.org\/{rel}","templated":true}]}}