{"id":1093,"date":"2022-02-08T11:27:14","date_gmt":"2022-02-08T08:27:14","guid":{"rendered":"https:\/\/ozgukeskinyilmaz.com\/?page_id=1093"},"modified":"2022-11-29T12:23:31","modified_gmt":"2022-11-29T09:23:31","slug":"cervical-cancer-and-vaccine","status":"publish","type":"page","link":"https:\/\/ozgukeskinyilmaz.com\/en\/cervical-cancer-and-vaccine\/","title":{"rendered":"Cervical Cancer and Vaccine"},"content":{"rendered":"\n<p><strong>Cervical Cancer and Vaccine<\/strong><\/p>\n\n\n\n<p>The cervical cancer vaccine is also known as the HPV vaccine. This vaccine, which protects against HPV (Human Papillomavirus) infections, is administered in 2 or 3 doses. It prevents the types of infections caused by the HPV virus from causing genital warts or cancer.<\/p>\n\n\n\n<p>Most cervical cancers are caused by HPV types 16 and 18. 90% of genital warts are caused by HPV viruses of types 6 and 11.<\/p>\n\n\n\n<p>Cervical vaccine provides protection against this type of virus; 22, 31, 52, 45 etc. It also protects against other types of HPV.<\/p>\n\n\n\n<p><strong>What is Cervical Cancer?<\/strong><\/p>\n\n\n\n<p>Cervical cancer is the second most common type of cancer in women after breast cancer. It is mostly seen around the age of 50. Human Papilloma Virus (HPV) is responsible for almost all of these cancers.<\/p>\n\n\n\n<p><strong>Cervical Cancer Symptoms<\/strong><\/p>\n\n\n\n<p>There may not be any symptoms in the early period. If abnormalities are detected in the smear test or positive result from high-risk HPV screening, this increases the suspicion of cervical cancer. The physician may need to examine with a colposcope and biopsy.<\/p>\n\n\n\n<p>Symptoms of the disease usually occur in the advanced stages. Symptoms such as irregular menstruation, bloody discharge and bleeding after sexual intercourse are examples of this.<\/p>\n\n\n\n<p>In advanced cases, the tumor can be easily detected by examination. If the disease gets worse, leg pain, urination and defecation problems occur.<\/p>\n\n\n\n<p><strong>Cervical Cancer Risk Factors<\/strong><\/p>\n\n\n\n<ul class=\"wp-block-list\"><li>Sexual \u0130ntercourse At An Early Age<\/li><li>Smoking<\/li><li>Having More Than One Partner<\/li><li>Giving Birth To Many<\/li><li>Weak \u0130mmune System<\/li><li>Vitamin A And C Deficiencies<\/li><\/ul>\n\n\n\n<p><strong>Cervical Cancer Treatment<\/strong><\/p>\n\n\n\n<p>Methods such as chemotherapy, radiotherapy and surgical intervention are used in the treatment. These are sometimes applied alone or sometimes in combination.<\/p>\n\n\n\n<p>If the cancer is in the CIN 2-3 stage, that is, if the lesion has not yet reached the depth of the tissue, that area can be surgically removed. In this way, the part that is likely to become cancerous is eliminated and a significant improvement is achieved.<\/p>\n","protected":false},"excerpt":{"rendered":"<p>Cervical Cancer and Vaccine The cervical cancer vaccine is also known as the HPV vaccine. This vaccine, which protects against HPV (Human Papillomavirus) infections, is administered in 2 or 3 doses. It prevents the types of infections caused by the HPV virus from causing genital warts or cancer. Most cervical cancers are caused by HPV [&hellip;]<\/p>\n","protected":false},"author":1,"featured_media":0,"parent":0,"menu_order":0,"comment_status":"closed","ping_status":"closed","template":"","meta":{"_acf_changed":false,"inline_featured_image":false,"footnotes":""},"class_list":["post-1093","page","type-page","status-publish","hentry"],"acf":[],"yoast_head":"<!-- This site is optimized with the Yoast SEO plugin v26.1.1 - https:\/\/yoast.com\/wordpress\/plugins\/seo\/ -->\n<title>Cervical Cancer and Vaccine - Op. Dr. \u00d6zg\u00fc Keskin Y\u0131lmaz<\/title>\n<meta name=\"description\" content=\"Rahim a\u011fz\u0131 kanseri nedir,rahim a\u011fz\u0131 kanseri belirtieri ve tedavisi nedir? T\u00fcm merak edilenler i\u00e7in t\u0131klay\u0131n.\" \/>\n<meta name=\"robots\" content=\"index, follow, max-snippet:-1, max-image-preview:large, max-video-preview:-1\" \/>\n<link rel=\"canonical\" href=\"https:\/\/ozgukeskinyilmaz.com\/en\/cervical-cancer-and-vaccine\/\" \/>\n<meta property=\"og:locale\" content=\"en_US\" \/>\n<meta property=\"og:type\" content=\"article\" \/>\n<meta property=\"og:title\" content=\"Cervical Cancer and Vaccine - Op. Dr. \u00d6zg\u00fc Keskin Y\u0131lmaz\" \/>\n<meta property=\"og:description\" content=\"Rahim a\u011fz\u0131 kanseri nedir,rahim a\u011fz\u0131 kanseri belirtieri ve tedavisi nedir? T\u00fcm merak edilenler i\u00e7in t\u0131klay\u0131n.\" \/>\n<meta property=\"og:url\" content=\"https:\/\/ozgukeskinyilmaz.com\/en\/cervical-cancer-and-vaccine\/\" \/>\n<meta property=\"og:site_name\" content=\"Op. Dr. \u00d6zg\u00fc Keskin Y\u0131lmaz\" \/>\n<meta property=\"article:modified_time\" content=\"2022-11-29T09:23:31+00:00\" \/>\n<meta name=\"twitter:card\" content=\"summary_large_image\" \/>\n<meta name=\"twitter:label1\" content=\"Est. reading time\" \/>\n\t<meta name=\"twitter:data1\" content=\"2 minutes\" \/>\n<script type=\"application\/ld+json\" class=\"yoast-schema-graph\">{\"@context\":\"https:\/\/schema.org\",\"@graph\":[{\"@type\":\"WebPage\",\"@id\":\"https:\/\/ozgukeskinyilmaz.com\/en\/cervical-cancer-and-vaccine\/\",\"url\":\"https:\/\/ozgukeskinyilmaz.com\/en\/cervical-cancer-and-vaccine\/\",\"name\":\"Cervical Cancer and Vaccine - Op. Dr. \u00d6zg\u00fc Keskin Y\u0131lmaz\",\"isPartOf\":{\"@id\":\"https:\/\/ozgukeskinyilmaz.com\/en\/#website\"},\"datePublished\":\"2022-02-08T08:27:14+00:00\",\"dateModified\":\"2022-11-29T09:23:31+00:00\",\"description\":\"Rahim a\u011fz\u0131 kanseri nedir,rahim a\u011fz\u0131 kanseri belirtieri ve tedavisi nedir? T\u00fcm merak edilenler i\u00e7in t\u0131klay\u0131n.\",\"breadcrumb\":{\"@id\":\"https:\/\/ozgukeskinyilmaz.com\/en\/cervical-cancer-and-vaccine\/#breadcrumb\"},\"inLanguage\":\"en-US\",\"potentialAction\":[{\"@type\":\"ReadAction\",\"target\":[\"https:\/\/ozgukeskinyilmaz.com\/en\/cervical-cancer-and-vaccine\/\"]}]},{\"@type\":\"BreadcrumbList\",\"@id\":\"https:\/\/ozgukeskinyilmaz.com\/en\/cervical-cancer-and-vaccine\/#breadcrumb\",\"itemListElement\":[{\"@type\":\"ListItem\",\"position\":1,\"name\":\"Anasayfa\",\"item\":\"https:\/\/ozgukeskinyilmaz.com\/en\/\"},{\"@type\":\"ListItem\",\"position\":2,\"name\":\"Cervical Cancer and Vaccine\"}]},{\"@type\":\"WebSite\",\"@id\":\"https:\/\/ozgukeskinyilmaz.com\/en\/#website\",\"url\":\"https:\/\/ozgukeskinyilmaz.com\/en\/\",\"name\":\"Op. Dr. \u00d6zg\u00fc Keskin Y\u0131lmaz\",\"description\":\"Kad\u0131n Do\u011fum ve Genital Estetik\",\"potentialAction\":[{\"@type\":\"SearchAction\",\"target\":{\"@type\":\"EntryPoint\",\"urlTemplate\":\"https:\/\/ozgukeskinyilmaz.com\/en\/?s={search_term_string}\"},\"query-input\":{\"@type\":\"PropertyValueSpecification\",\"valueRequired\":true,\"valueName\":\"search_term_string\"}}],\"inLanguage\":\"en-US\"}]}<\/script>\n<!-- \/ Yoast SEO plugin. -->","yoast_head_json":{"title":"Cervical Cancer and Vaccine - Op. Dr. \u00d6zg\u00fc Keskin Y\u0131lmaz","description":"Rahim a\u011fz\u0131 kanseri nedir,rahim a\u011fz\u0131 kanseri belirtieri ve tedavisi nedir? T\u00fcm merak edilenler i\u00e7in t\u0131klay\u0131n.","robots":{"index":"index","follow":"follow","max-snippet":"max-snippet:-1","max-image-preview":"max-image-preview:large","max-video-preview":"max-video-preview:-1"},"canonical":"https:\/\/ozgukeskinyilmaz.com\/en\/cervical-cancer-and-vaccine\/","og_locale":"en_US","og_type":"article","og_title":"Cervical Cancer and Vaccine - Op. Dr. \u00d6zg\u00fc Keskin Y\u0131lmaz","og_description":"Rahim a\u011fz\u0131 kanseri nedir,rahim a\u011fz\u0131 kanseri belirtieri ve tedavisi nedir? T\u00fcm merak edilenler i\u00e7in t\u0131klay\u0131n.","og_url":"https:\/\/ozgukeskinyilmaz.com\/en\/cervical-cancer-and-vaccine\/","og_site_name":"Op. Dr. \u00d6zg\u00fc Keskin Y\u0131lmaz","article_modified_time":"2022-11-29T09:23:31+00:00","twitter_card":"summary_large_image","twitter_misc":{"Est. reading time":"2 minutes"},"schema":{"@context":"https:\/\/schema.org","@graph":[{"@type":"WebPage","@id":"https:\/\/ozgukeskinyilmaz.com\/en\/cervical-cancer-and-vaccine\/","url":"https:\/\/ozgukeskinyilmaz.com\/en\/cervical-cancer-and-vaccine\/","name":"Cervical Cancer and Vaccine - Op. Dr. \u00d6zg\u00fc Keskin Y\u0131lmaz","isPartOf":{"@id":"https:\/\/ozgukeskinyilmaz.com\/en\/#website"},"datePublished":"2022-02-08T08:27:14+00:00","dateModified":"2022-11-29T09:23:31+00:00","description":"Rahim a\u011fz\u0131 kanseri nedir,rahim a\u011fz\u0131 kanseri belirtieri ve tedavisi nedir? T\u00fcm merak edilenler i\u00e7in t\u0131klay\u0131n.","breadcrumb":{"@id":"https:\/\/ozgukeskinyilmaz.com\/en\/cervical-cancer-and-vaccine\/#breadcrumb"},"inLanguage":"en-US","potentialAction":[{"@type":"ReadAction","target":["https:\/\/ozgukeskinyilmaz.com\/en\/cervical-cancer-and-vaccine\/"]}]},{"@type":"BreadcrumbList","@id":"https:\/\/ozgukeskinyilmaz.com\/en\/cervical-cancer-and-vaccine\/#breadcrumb","itemListElement":[{"@type":"ListItem","position":1,"name":"Anasayfa","item":"https:\/\/ozgukeskinyilmaz.com\/en\/"},{"@type":"ListItem","position":2,"name":"Cervical Cancer and Vaccine"}]},{"@type":"WebSite","@id":"https:\/\/ozgukeskinyilmaz.com\/en\/#website","url":"https:\/\/ozgukeskinyilmaz.com\/en\/","name":"Op. Dr. \u00d6zg\u00fc Keskin Y\u0131lmaz","description":"Kad\u0131n Do\u011fum ve Genital Estetik","potentialAction":[{"@type":"SearchAction","target":{"@type":"EntryPoint","urlTemplate":"https:\/\/ozgukeskinyilmaz.com\/en\/?s={search_term_string}"},"query-input":{"@type":"PropertyValueSpecification","valueRequired":true,"valueName":"search_term_string"}}],"inLanguage":"en-US"}]}},"_links":{"self":[{"href":"https:\/\/ozgukeskinyilmaz.com\/en\/wp-json\/wp\/v2\/pages\/1093","targetHints":{"allow":["GET"]}}],"collection":[{"href":"https:\/\/ozgukeskinyilmaz.com\/en\/wp-json\/wp\/v2\/pages"}],"about":[{"href":"https:\/\/ozgukeskinyilmaz.com\/en\/wp-json\/wp\/v2\/types\/page"}],"author":[{"embeddable":true,"href":"https:\/\/ozgukeskinyilmaz.com\/en\/wp-json\/wp\/v2\/users\/1"}],"replies":[{"embeddable":true,"href":"https:\/\/ozgukeskinyilmaz.com\/en\/wp-json\/wp\/v2\/comments?post=1093"}],"version-history":[{"count":0,"href":"https:\/\/ozgukeskinyilmaz.com\/en\/wp-json\/wp\/v2\/pages\/1093\/revisions"}],"wp:attachment":[{"href":"https:\/\/ozgukeskinyilmaz.com\/en\/wp-json\/wp\/v2\/media?parent=1093"}],"curies":[{"name":"wp","href":"https:\/\/api.w.org\/{rel}","templated":true}]}}